{"id":3513,"date":"2022-04-02T23:00:10","date_gmt":"2022-04-02T21:00:10","guid":{"rendered":"https:\/\/hotel-tilleul.fr\/cookie-richtlinie\/"},"modified":"2024-06-22T17:36:44","modified_gmt":"2024-06-22T15:36:44","slug":"cookie-richtlinie","status":"publish","type":"page","link":"https:\/\/hotel-tilleul.fr\/de\/cookie-richtlinie\/","title":{"rendered":"Richtlinien f\u00fcr die Verwendung von Cookies"},"content":{"rendered":"<p><strong>Informationen \u00fcber die Verwendung von Cookies auf der Website: https:\/\/hotel-tilleul.fr\/<br \/>\n<\/strong><\/p>\n<h3><strong>HOTEL MUNIER AU TILLEUL<br \/>\n<\/strong><\/h3>\n<p>Gesellschaft mit beschr\u00e4nkter Haftung mit einem Kapital von 182.938,00 \u20ac.<br \/>\nRC COLMAR &#8211; FRANKREICH &#8211; SIREN 330914391<br \/>\nHauptsitz: 393 LA PLACE 68910 LABAROCHE<br \/>\nE-Mail: <a href=\"mailto:info@hotel-tilleul.fr\">info@hotel-tilleul.fr<\/a><\/p>\n<p>Die Websites von HOTEL MUNIER AU TILLEUL verwenden Cookies aus verschiedenen Gr\u00fcnden.<\/p>\n<p>Sie erm\u00f6glichen es HOTEL MUNIER AU TILLEUL insbesondere, zu verstehen, wie die Nutzer auf unseren Websites und denen unserer Partner und Kunden navigieren, und Daten zu erhalten, auf deren Grundlage wir die Navigationserfahrung in Zukunft verbessern k\u00f6nnen, Ihnen personalisierte Angebote zukommen zu lassen, Sie zu identifizieren, wenn Sie auf Ihr Kundenkonto zugreifen, Artikel in Ihrem Einkaufswagen zu behalten, nachdem Sie sich ausgeloggt haben, aber auch die kostenlosen Dienstleistungen, die wir Ihnen anbieten und die Ihnen \u00fcber unsere verschiedenen Websites zur Verf\u00fcgung gestellt werden, indirekt zu finanzieren.<\/p>\n<p>Auf dieser Seite erfahren Sie, was ein Cookie ist, wozu es dient und wie Sie es einstellen k\u00f6nnen.<\/p>\n<p>&nbsp;<\/p>\n<ol>\n<li><strong>  Was ist ein Cookie?<\/strong><\/li>\n<\/ol>\n<p>Ein Cookie (im Folgenden &#8222;Cookie(s)&#8220;) ist eine Textdatei, die von den Servern der besuchten Websites oder von Servern Dritter in einem speziellen Bereich der Festplatte Ihres Endger\u00e4ts (Computer, Tablet, Mobiltelefon oder ein anderes internetf\u00e4higes Ger\u00e4t) abgelegt wird, wenn Sie einen Online-Inhalt oder eine Online-Werbung aufrufen. Er speichert Informationen \u00fcber Ihr Surfverhalten im Internet.<\/p>\n<p>Diese Cookie-Datei kann nur von ihrem Emittenten gelesen werden, dem sie w\u00e4hrend ihrer G\u00fcltigkeitsdauer erm\u00f6glicht, das betreffende Terminal jedes Mal wiederzuerkennen, wenn dieses Terminal auf einen digitalen Inhalt zugreift, der Cookies des Emittenten enth\u00e4lt. Das Cookie identifiziert Sie nicht pers\u00f6nlich, sondern nur den Browser Ihres Terminals.<\/p>\n<p>Wenn Sie sich auf unseren Websites anmelden, wird ein Banner angezeigt. Wenn Sie sich daf\u00fcr entscheiden, werden Cookies im Speicher Ihres Computers, Smartphones, Tablets, Handys usw. gespeichert. Die auf diese Weise gesammelten Informationen k\u00f6nnen von der besuchten Website oder von Dritten, wie z.B. Werbeagenturen oder anderen Partnern, verwendet werden.<\/p>\n<p>Die G\u00fcltigkeitsdauer des Cookies betr\u00e4gt maximal 13 (dreizehn) Monate, beginnend mit dem Tag, an dem Sie Ihre Zustimmung zum Setzen des Cookies gegeben haben.<\/p>\n<p>Sie haben jedoch jederzeit die M\u00f6glichkeit, sie von Ihrem Terminal zu l\u00f6schen.<\/p>\n<p>Es gibt verschiedene Arten von Cookies und verschiedene M\u00f6glichkeiten, diese abzulehnen (siehe Punkt 2).<\/p>\n<p>Sie haben die M\u00f6glichkeit, die Speicherung von Cookies auf Ihrem Ger\u00e4t zu verweigern, und Sie k\u00f6nnen dies jederzeit \u00fcber Ihre Browser-Software tun, wie in Punkt 3 dieses Dokuments beschrieben.<\/p>\n<p>Die Ablehnung bestimmter Cookies kann jedoch dazu f\u00fchren, dass eine Reihe von Funktionen, die f\u00fcr die Navigation auf der Website erforderlich sind, beeintr\u00e4chtigt werden (Schwierigkeiten beim Speichern oder Anzeigen usw.). Wir k\u00f6nnen in diesem Fall nicht f\u00fcr diese St\u00f6rungen verantwortlich gemacht werden.<\/p>\n<p>Die Deaktivierung von Cookies f\u00fcr Werbung bedeutet nicht, dass Sie keine Werbung erhalten, sondern nur, dass diese nicht mehr auf Ihre Interessen zugeschnitten ist.<\/p>\n<p>Bitte beachten Sie, dass die Ber\u00fccksichtigung Ihrer verschiedenen W\u00fcnsche von einem bestimmten Cookie oder mehreren Cookies abh\u00e4ngt. Wenn Sie alle Cookies l\u00f6schen, die in Ihrem Endger\u00e4t in Bezug auf unsere Websites gespeichert sind, k\u00f6nnen wir nicht mehr feststellen, welche Zustimmung oder Ablehnung Sie erteilt haben. Das bedeutet, dass Ihre Zustimmung zur\u00fcckgesetzt wird und Sie die Cookies, die Sie nicht behalten m\u00f6chten, erneut ablehnen m\u00fcssen. Auch wenn Sie einen anderen Internetbrowser verwenden, m\u00fcssen Sie diese Cookies erneut ablehnen, da Ihre Wahl und die Cookies, auf die sie sich beziehen, von dem Browser und dem Endger\u00e4t (Computer, Tablet, Smartphone usw.) abh\u00e4ngen, das Sie verwenden, um unsere Websites zu besuchen.<\/p>\n<p>&nbsp;<\/p>\n<ol start=\"2\">\n<li><strong>  Wozu dienen die von uns verwendeten Cookies?<\/strong><\/li>\n<\/ol>\n<p>Um Ihnen zu erm\u00f6glichen, sich ein Bild davon zu machen, wie n\u00fctzlich ein bestimmtes Cookie f\u00fcr Sie ist, folgt eine \u00dcbersicht \u00fcber die verschiedenen Arten von Cookies.<\/p>\n<p><strong>Notwendige Cookies<\/strong><\/p>\n<p>Diese Cookies sind notwendig, um auf der Website zu navigieren und die Funktionen der Website zu nutzen, wie z.B. den Zugang zu den sicheren Bereichen der Website. Angeforderte Dienste, wie z.B. Wettbewerbsformulare, k\u00f6nnten ohne Cookies nicht bereitgestellt werden.<\/p>\n<p><strong>Leistungs-Cookies<\/strong><\/p>\n<p>Diese Cookies sammeln Informationen dar\u00fcber, wie Besucher eine Website nutzen. Zum Beispiel, welche Seiten am h\u00e4ufigsten besucht werden und ob Fehlermeldungen ausgegeben werden. Cookies sammeln keine Daten, mit denen Besucher identifiziert werden k\u00f6nnen. Da alle von diesen Cookies gesammelten Informationen gesammelt werden, bleiben sie anonym. Diese Cookies dienen nur dazu, die Funktion der Website zu verbessern.<\/p>\n<p>Diese Cookies werden verwendet, um den Verkehr oder das Publikum zu messen, das mit unserer Website, den besuchten Seiten und den Interaktionen auf der Website w\u00e4hrend Ihres Besuchs verbunden ist. Die Deaktivierung von Cookies verhindert, dass Informationen \u00fcber Ihre Navigation auf unserer Website gesammelt werden und dass Inhalte angeboten werden, die auf Ihre Navigation zugeschnitten sind.<\/p>\n<p><strong>Cookies f\u00fcr Funktionen<\/strong><\/p>\n<p>Diese Cookies erm\u00f6glichen es den Websites, sich an die von Ihnen getroffenen Entscheidungen zu erinnern (wie z.B. Ihren Benutzernamen, die gew\u00e4hlte Sprache oder die Region, in der Sie sich befinden) und genauere und pers\u00f6nlichere Merkmale zu liefern. Diese Cookies k\u00f6nnen auch verwendet werden, um \u00c4nderungen zu speichern, die der Nutzer vorgenommen hat, wie z.B. die Textgr\u00f6\u00dfe oder die Schriftart. Sie k\u00f6nnen auch verwendet werden, um Dienstleistungen zu erbringen, die Sie angefordert haben, wie z.B. ein Video anzusehen oder einen Kommentar in einem Blog zu hinterlassen. Die von diesen Cookies gesammelten Informationen k\u00f6nnen anonymisiert werden und k\u00f6nnen Ihre Surfaktivit\u00e4ten auf anderen Websites nicht verfolgen.<\/p>\n<p><strong>Gezielte Cookies oder Werbe-Cookies<\/strong><\/p>\n<p>Diese Cookies sammeln Informationen \u00fcber Ihre Internet-Navigationsgewohnheiten, um Ihnen Werbung anzubieten, die auf Sie und Ihre Interessen zugeschnitten ist. Sie helfen uns auch, die Anzahl der Anzeigen zu begrenzen, die Sie sehen, und helfen uns, die Effektivit\u00e4t unserer Werbekampagnen zu bewerten.<\/p>\n<p>Die Informationen werden gesammelt und mit Dritten geteilt, um Zielgruppenansprache und Optimierungsl\u00f6sungen f\u00fcr Werbetreibende und Publisher anzubieten. Es werden keine pers\u00f6nlichen Daten gesammelt und eine Person kann nicht \u00fcber die gesammelten Daten identifiziert werden.<\/p>\n<p><strong>Cookies von Webseiten Dritter<\/strong><\/p>\n<p>Unsere Website enth\u00e4lt Links zu anderen Websites, und wir wissen nicht, welche Cookies von diesen Websites verwendet werden. F\u00fcr weitere Informationen lesen Sie bitte die Informationen, die diese Drittanbieter-Websites \u00fcber ihre eigenen Cookies bereitstellen.<\/p>\n<p><strong>Cookies von sozialen Netzwerken<\/strong><\/p>\n<p>Um Ihnen die M\u00f6glichkeit zu geben, Artikel und Inhalte mit Ihren Freunden und Verwandten zu teilen oder zu kommentieren, enthalten unsere Websites Links zu sozialen Netzwerken (Facebook, Twitter&#8230;). Wenn Sie diese Teilen-Schaltfl\u00e4chen verwenden, wird ein Cookie von Drittanbietern gesetzt. Wenn Sie w\u00e4hrend Ihres Besuchs auf unserer Website mit einem sozialen Netzwerk verbunden sind, k\u00f6nnen Sie die Inhalte, die Sie aufrufen, \u00fcber die Schaltfl\u00e4chen zum Teilen mit Ihrem Benutzerkonto verkn\u00fcpfen.<\/p>\n<p>Um sich \u00fcber den Zweck und Umfang der Datenerhebung, -verarbeitung und -nutzung durch das\/die soziale(n) Netzwerk(e), dem\/denen Sie angeh\u00f6ren, sowie \u00fcber Ihre Rechte und M\u00f6glichkeiten zur \u00c4nderung der Einstellungen zum Schutz Ihrer Privatsph\u00e4re zu informieren, verweisen wir Sie auf die Cookie-Richtlinien auf deren Websites.<\/p>\n<p><strong>Facebook<\/strong><br \/>\n<a href=\"https:\/\/fr-fr.facebook.com\/policies\/cookies\/\">https:\/\/fr-fr.facebook.com\/policies\/cookies\/<\/a><\/p>\n<p><strong>Twitter<\/strong><br \/>\n<a href=\"https:\/\/help.twitter.com\/fr\/safety-and-security\/twitter-do-not-track\">https:\/\/help.twitter.com\/fr\/safety-and-security\/twitter-do-not-track<\/a><\/p>\n<p><strong>Google<\/strong><br \/>\n<a href=\"https:\/\/support.google.com\/accounts\/answer\/61416?hl=fr\">https:\/\/support.google.com\/accounts\/answer\/61416?hl=fr<\/a><\/p>\n<p><strong>Instagram<\/strong><br \/>\n<a href=\"https:\/\/help.instagram.com\/1896641480634370\">https:\/\/help.instagram.com\/1896641480634370<\/a><\/p>\n<p><strong>Pinterest<\/strong><br \/>\n<a href=\"https:\/\/policy.pinterest.com\/fr\/cookies\">https:\/\/policy.pinterest.com\/fr\/cookies<\/a><\/p>\n<p>&nbsp;<\/p>\n<ol start=\"3\">\n<li><strong>  Wie k\u00f6nnen Sie Ihre Wahl bez\u00fcglich Cookies ausdr\u00fccken?<\/strong><\/li>\n<\/ol>\n<p>Sie haben mehrere M\u00f6glichkeiten, die Cookies zu verwalten, sie zu akzeptieren oder abzulehnen.<br \/>\nSie k\u00f6nnen :<br \/>\n&#8211; Ihre Wahl durch die Einstellung Ihres Internet-Browsers zu bekunden (a),<br \/>\n&#8211; wenn es sich um Cookies handelt, die von HOTEL MUNIER AU TILLEUL ausgegeben werden, k\u00f6nnen Sie sich diesen gem\u00e4\u00df dem einfachen und zug\u00e4nglichen Verfahren, das unten (b) beschrieben wird, widersetzen;<br \/>\n&#8211; in Bezug auf Werbe-Cookies ein Tool verwenden, das von den Fachleuten f\u00fcr digitale Werbung herausgegeben wird (c);<br \/>\n&#8211; oder die Datenschutzrichtlinie des von Ihnen genutzten sozialen Netzwerks lesen und so die Hinterlegung von Cookies durch dieses soziale Netzwerk verwalten.<\/p>\n<ol>\n<li><strong>a) Ihren Browser einstellen<\/strong><\/li>\n<\/ol>\n<p>Die meisten Browser akzeptieren Cookies standardm\u00e4\u00dfig. Sie k\u00f6nnen jedoch entscheiden, diese Cookies zu blockieren, oder Ihren Browser anweisen, Sie zu benachrichtigen, wenn eine Website versucht, ein Cookie auf Ihrem Terminal zu implementieren. In diesem Zusammenhang m\u00f6chten wir Sie darauf hinweisen, dass Sie Ihren Browser so einstellen k\u00f6nnen, dass die Implementierung von Cookies abgelehnt wird. F\u00fcr die Verwaltung der Cookies und Ihrer Wahlm\u00f6glichkeiten sind die Einstellungen jedes Browsers unterschiedlich. Sie wird im Hilfemen\u00fc Ihres Browsers beschrieben, wo Sie auch erfahren k\u00f6nnen, wie Sie Ihre W\u00fcnsche in Bezug auf Cookies \u00e4ndern k\u00f6nnen.<\/p>\n<p><strong>Safari<\/strong><br \/>\n<a href=\"https:\/\/www.apple.com\/legal\/privacy\/fr-ww\/cookies\/\">https:\/\/www.apple.com\/legal\/privacy\/fr-ww\/cookies\/<\/a><\/p>\n<p><strong>Opera<\/strong><br \/>\n<a href=\"http:\/\/help.opera.com\/Windows\/10.20\/fr\/cookies.html\">http:\/\/help.opera.com\/Windows\/10.20\/fr\/cookies.html<\/a><\/p>\n<p><strong>Chrom<\/strong><br \/>\n<a href=\"https:\/\/support.google.com\/chrome\/answer\/95647?hl=fr&amp;hlrm=fr\">https:\/\/support.google.com\/chrome\/answer\/95647?hl=fr&amp;hlrm=fr<\/a><\/p>\n<p><strong>Internet Explorer<\/strong><br \/>\n<a href=\"http:\/\/windows.microsoft.com\/fr-FR\/windows-vista\/Block-or-allow-cookies\">http:\/\/windows.microsoft.com\/fr-FR\/windows-vista\/Block-or-allow-cookies<\/a><\/p>\n<p><strong>FireFox<\/strong><br \/>\n<a href=\"https:\/\/support.mozilla.org\/fr\/kb\/activer-desactiver-cookies?redirectlocale=fr&amp;redirectslug=Activer+et+d%C3%A9sactiver+les+cookies\">https:\/\/support.mozilla.org\/fr\/kb\/activer-desactiver-cookies?redirectlocale=fr&amp;redirectslug=Activer+et+d%C3%A9sactiver+les+cookies<\/a><\/p>\n<ol>\n<li><strong>b) Manifestieren Sie Ihre Wahl bei HOTEL MUNIER AU TILLEUL.<br \/>\n<\/strong><\/li>\n<\/ol>\n<p>HOTEL MUNIER AU TILLEUL hat ein Tool zur Verwaltung der Zustimmung zu Cookies eingerichtet, das \u00fcber das Informationsbanner zug\u00e4nglich ist, das bei der Verbindung mit der Website angezeigt wird.<\/p>\n<ol>\n<li><strong>c) Ihre Wahl online bei branchen\u00fcbergreifenden Plattformen treffen, um nur Werbe-Cookies abzulehnen.<\/strong><\/li>\n<\/ol>\n<p>Die Plattform &#8222;Youronlinechoices&#8220;, die von den in der europ\u00e4ischen Vereinigung EDAA (European Digital Advertising Alliance) zusammengeschlossenen Fachleuten f\u00fcr digitale Werbung angeboten und in Frankreich vom Interactive Advertising Bureau France verwaltet wird, bietet Ihnen die M\u00f6glichkeit, die von ihren Mitgliedsunternehmen verwendeten Cookies abzulehnen oder zu akzeptieren, um die Werbung, die auf Ihrem Endger\u00e4t angezeigt werden kann, an Ihre Navigationsdaten anzupassen: http: <a href=\"http:\/\/www.youronlinechoices.com\/fr\/controler-ses-cookies\/\">\/\/www.youronlinechoices.com\/fr\/controler-ses-cookies\/.<\/a><\/p>\n<p>Bitte beachten Sie, dass Ihre Wahl nicht die Anzeige von Werbung verhindert, sondern nur Technologien blockiert, die es erm\u00f6glichen, Werbung an Ihre Interessen anzupassen.<\/p>\n<p><strong>Weitere Informationen \u00fcber Cookies<\/strong><\/p>\n<p><a href=\"https:\/\/www.cnil.fr\/fr\/cookies-les-outils-pour-les-maitriser\">https:\/\/www.cnil.fr\/fr\/cookies-les-outils-pour-les-maitriser<\/a><\/p>\n<p>Zuletzt aktualisiert am: <strong>12. November 2021<\/strong>.<\/p>\n<p><strong>2022 HOTEL MUNIER AU TILLEUL.  <\/strong><strong>Alle Rechte vorbehalten.<\/strong><\/p>\n","protected":false},"excerpt":{"rendered":"<p>Informationen \u00fcber die Verwendung von Cookies auf der Website: https:\/\/hotel-tilleul.fr\/ HOTEL MUNIER AU TILLEUL Gesellschaft mit beschr\u00e4nkter Haftung mit einem Kapital von 182.938,00 \u20ac. RC COLMAR &#8211; FRANKREICH &#8211; SIREN 330914391 Hauptsitz: 393 LA PLACE 68910 LABAROCHE E-Mail: info@hotel-tilleul.fr Die Websites von HOTEL MUNIER AU TILLEUL verwenden Cookies aus verschiedenen Gr\u00fcnden. Sie erm\u00f6glichen es HOTEL [&hellip;]<\/p>\n","protected":false},"author":1,"featured_media":0,"parent":0,"menu_order":0,"comment_status":"closed","ping_status":"closed","template":"","meta":{"_acf_changed":false,"footnotes":""},"class_list":["post-3513","page","type-page","status-publish","hentry"],"acf":[],"_links":{"self":[{"href":"https:\/\/hotel-tilleul.fr\/de\/wp-json\/wp\/v2\/pages\/3513","targetHints":{"allow":["GET"]}}],"collection":[{"href":"https:\/\/hotel-tilleul.fr\/de\/wp-json\/wp\/v2\/pages"}],"about":[{"href":"https:\/\/hotel-tilleul.fr\/de\/wp-json\/wp\/v2\/types\/page"}],"author":[{"embeddable":true,"href":"https:\/\/hotel-tilleul.fr\/de\/wp-json\/wp\/v2\/users\/1"}],"replies":[{"embeddable":true,"href":"https:\/\/hotel-tilleul.fr\/de\/wp-json\/wp\/v2\/comments?post=3513"}],"version-history":[{"count":3,"href":"https:\/\/hotel-tilleul.fr\/de\/wp-json\/wp\/v2\/pages\/3513\/revisions"}],"predecessor-version":[{"id":4530,"href":"https:\/\/hotel-tilleul.fr\/de\/wp-json\/wp\/v2\/pages\/3513\/revisions\/4530"}],"wp:attachment":[{"href":"https:\/\/hotel-tilleul.fr\/de\/wp-json\/wp\/v2\/media?parent=3513"}],"curies":[{"name":"wp","href":"https:\/\/api.w.org\/{rel}","templated":true}]}}