{"id":3516,"date":"2022-04-02T23:00:14","date_gmt":"2022-04-02T21:00:14","guid":{"rendered":"https:\/\/hotel-tilleul.fr\/geistigen-eigentums\/"},"modified":"2022-07-29T15:21:45","modified_gmt":"2022-07-29T13:21:45","slug":"geistigen-eigentums","status":"publish","type":"page","link":"https:\/\/hotel-tilleul.fr\/de\/geistigen-eigentums\/","title":{"rendered":"Geistigen Eigentums"},"content":{"rendered":"<p><strong>HOTEL MUNIER AU TILLEUL respektiert die geistigen Eigentumsrechte Dritter und erwartet dasselbe von seinen Benutzern.<\/strong><\/p>\n<p>HOTEL MUNIER AU TILLEUL hat eine Richtlinie, unter geeigneten Umst\u00e4nden und nach eigenem Ermessen, das Konto oder den Zugriff von Benutzern zu deaktivieren und\/oder zu k\u00fcndigen, die wiederholt Urheberrechte oder andere Eigentumsrechte an geistigem Eigentum Dritter verletzen oder denen dies regelm\u00e4\u00dfig vorgeworfen wird.<\/p>\n<p>HOTEL MUNIER AU TILLEUL wird auf Anspr\u00fcche wegen Verletzung von Rechten des geistigen Eigentums reagieren, die \u00fcber gemacht werden https:\/\/hotel-tilleul.fr\/ (\u201edie Website und\/oder die Plattform\u201c), auf die sie aufmerksam gemacht werden HOTEL MUNIER AU TILLEUL in \u00dcbereinstimmung mit dieser Charta.<\/p>\n<p>Wenn Sie der Inhaber eines Rechts an geistigem Eigentum sind oder befugt sind, im Namen einer solchen Person zu handeln, melden Sie bitte die mutma\u00dflichen Verletzungen von Rechten an geistigem Eigentum, die auf oder \u00fcber die Website und die zur\u00fcckkommende Plattform vorgenommen wurden HOTEL MUNIER AU TILLEUL die folgende ordnungsgem\u00e4\u00df ausgef\u00fcllte angebliche Verletzungsmitteilung, wie unten beschrieben.<\/p>\n<p>Nach Erhalt der Benachrichtigung wie unten beschrieben, HOTEL MUNIER AU TILLEUL wird nach eigenem Ermessen alle Ma\u00dfnahmen ergreifen, die es f\u00fcr angemessen h\u00e4lt, einschlie\u00dflich der Entfernung der umstrittenen Inhalte von der Website und\/oder der Plattform.<\/p>\n<p>&nbsp;<\/p>\n<h3><strong>Benachrichtigung \u00fcber F\u00e4lschungen<br \/>\n<\/strong><\/h3>\n<p><strong>1.<\/strong> Identifizieren Sie das spezifische urheberrechtlich gesch\u00fctzte Werk, das Ihrer Meinung nach verletzt wurde, oder \u2013 wenn mehr als ein Werk von dieser Mitteilung erfasst wird \u2013 k\u00f6nnen Sie eine repr\u00e4sentative Liste der Werke einreichen, die Ihrer Meinung nach verletzt wurden.<\/p>\n<p><strong>2.<\/strong> Identifizieren Sie die Inhalte, von denen Sie glauben, dass sie eine Verletzung darstellen (oder die Gegenstand einer Verletzungsaktivit\u00e4t sind) und von denen Sie glauben, dass sie entfernt oder der Zugriff darauf gesperrt werden sollte, sowie Informationen, die angemessenerweise ausreichen, um es uns zu erm\u00f6glichen, diese Inhalte zu lokalisieren, einschlie\u00dflich mindestens gegebenenfalls die URL des Links auf der Website und der Plattform, von der aus der betreffende Inhalt abgerufen werden kann.<\/p>\n<p><strong>3.<\/strong> Geben Sie Ihre Postanschrift, Telefonnummer und ggf. Ihre E-Mail-Adresse an.<\/p>\n<p><strong>4.<\/strong> F\u00fcgen Sie die beiden nachstehenden Erkl\u00e4rungen in den Hauptteil der Benachrichtigung ein:<\/p>\n<p>\u201eIch erkl\u00e4re hiermit, dass ich nach Treu und Glauben der Ansicht bin, dass die strittige Verwendung des identifizierten Dokuments nicht vom Inhaber des geistigen Eigentumsrechts, seinem Vertreter oder dem Gesetz genehmigt ist (z. B. die rechtlichen und gerichtlichen Ausnahmen von \u201efair use\u201c ). \u00bb<\/p>\n<p>\u201eHiermit erkl\u00e4re ich, dass die in dieser Mitteilung enthaltenen Informationen korrekt sind und dass ich unter Androhung der Strafe des Meineids der Inhaber der geistigen Eigentumsrechte bin, deren Verletzung behauptet wird, oder bevollm\u00e4chtigt bin, im Namen des Inhabers zu handeln. \u00bb<\/p>\n<p><strong>5.<\/strong> Geben Sie Ihren Vor- und Nachnamen an und bringen Sie Ihre elektronische oder physische Unterschrift an.<\/p>\n<p><strong>6.<\/strong> Senden Sie diese Benachrichtigung zusammen mit allen erledigten Artikeln anHOTEL MUNIER AU TILLEUL :<\/p>\n<h3><strong>HOTEL MUNIER AU TILLEUL <\/strong><br \/>\n393 LA PLACE 68910 LABAROCHE<\/h3>\n<p>Email : <a href=\"mailto:info@hotel-tilleul.fr\">info@hotel-tilleul.fr<\/a><\/p>\n<p>&nbsp;<\/p>\n<p>Zuletzt aktualisiert: <strong>12. November 2021<\/strong> .<\/p>\n<p><strong>\u00a9 2022<\/strong>HOTEL MUNIER AU TILLEUL <strong>.<\/strong> <strong>Alle Rechte vorbehalten.<\/strong><\/p>\n","protected":false},"excerpt":{"rendered":"<p>HOTEL MUNIER AU TILLEUL respektiert die geistigen Eigentumsrechte Dritter und erwartet dasselbe von seinen Benutzern. HOTEL MUNIER AU TILLEUL hat eine Richtlinie, unter geeigneten Umst\u00e4nden und nach eigenem Ermessen, das Konto oder den Zugriff von Benutzern zu deaktivieren und\/oder zu k\u00fcndigen, die wiederholt Urheberrechte oder andere Eigentumsrechte an geistigem Eigentum Dritter verletzen oder denen dies [&hellip;]<\/p>\n","protected":false},"author":1,"featured_media":0,"parent":0,"menu_order":0,"comment_status":"closed","ping_status":"closed","template":"","meta":{"_acf_changed":false,"footnotes":""},"class_list":["post-3516","page","type-page","status-publish","hentry"],"acf":[],"_links":{"self":[{"href":"https:\/\/hotel-tilleul.fr\/de\/wp-json\/wp\/v2\/pages\/3516","targetHints":{"allow":["GET"]}}],"collection":[{"href":"https:\/\/hotel-tilleul.fr\/de\/wp-json\/wp\/v2\/pages"}],"about":[{"href":"https:\/\/hotel-tilleul.fr\/de\/wp-json\/wp\/v2\/types\/page"}],"author":[{"embeddable":true,"href":"https:\/\/hotel-tilleul.fr\/de\/wp-json\/wp\/v2\/users\/1"}],"replies":[{"embeddable":true,"href":"https:\/\/hotel-tilleul.fr\/de\/wp-json\/wp\/v2\/comments?post=3516"}],"version-history":[{"count":2,"href":"https:\/\/hotel-tilleul.fr\/de\/wp-json\/wp\/v2\/pages\/3516\/revisions"}],"predecessor-version":[{"id":3832,"href":"https:\/\/hotel-tilleul.fr\/de\/wp-json\/wp\/v2\/pages\/3516\/revisions\/3832"}],"wp:attachment":[{"href":"https:\/\/hotel-tilleul.fr\/de\/wp-json\/wp\/v2\/media?parent=3516"}],"curies":[{"name":"wp","href":"https:\/\/api.w.org\/{rel}","templated":true}]}}