{"id":3710,"date":"2022-07-04T15:47:29","date_gmt":"2022-07-04T13:47:29","guid":{"rendered":"https:\/\/hotel-tilleul.fr\/aktivitaeten\/"},"modified":"2025-04-15T09:59:50","modified_gmt":"2025-04-15T07:59:50","slug":"aktivitaeten","status":"publish","type":"page","link":"https:\/\/hotel-tilleul.fr\/de\/aktivitaeten\/","title":{"rendered":"Aktivit\u00e4ten"},"content":{"rendered":"\n<p><\/p>\n\n<p class=\"has-text-align-center\">In unserer Einrichtung k\u00f6nnen Sie unsere Au\u00dfen- und Inneneinrichtungen nutzen, die Ihnen kostenlos zur Verf\u00fcgung stehen. Diese Bereiche werden Gro\u00df und Klein w\u00e4hrend Ihrer Freizeit oder bei Regenwetter besch\u00e4ftigen k\u00f6nnen. Wir sind ein idealer Ausgangspunkt f\u00fcr Ihre Wanderungen, Fahrrad- oder Motorradtouren.<\/p>\n\n<p><strong>Im Freien<\/strong>:<\/p>\n\n<ul class=\"wp-block-list\">\n<li>Schaukel und Spielplatz  <\/li>\n<\/ul>\n\n<p>Schl\u00e4ger und B\u00e4lle stellen wir Ihnen auf Anfrage an der Rezeption zur Verf\u00fcgung.<\/p>\n\n<p><strong>Indoor<\/strong> ( geschlossen wegen Covid 19):<\/p>\n\n<ul class=\"wp-block-list\">\n<li>Billardtisch<\/li>\n<\/ul>\n\n<ul class=\"wp-block-list\">\n<li>Tischfu\u00dfball<\/li>\n<\/ul>\n\n<ul class=\"wp-block-list\">\n<li>Raum f\u00fcr kleine Kinder<\/li>\n<\/ul>\n\n<ul class=\"wp-block-list\">\n<li>Wellnessbereich (beziehen Sie sich auf unsere Seite)<\/li>\n<\/ul>\n\n<figure class=\"wp-block-image\"><img fetchpriority=\"high\" decoding=\"async\" width=\"1024\" height=\"657\" src=\"https:\/\/hotel-tilleul.fr\/wp-content\/uploads\/2019\/10\/IMG_9504-1024x657.jpg\" alt=\"\" class=\"wp-image-397\" srcset=\"https:\/\/hotel-tilleul.fr\/wp-content\/uploads\/2019\/10\/IMG_9504-1024x657.jpg 1024w, https:\/\/hotel-tilleul.fr\/wp-content\/uploads\/2019\/10\/IMG_9504-300x193.jpg 300w, https:\/\/hotel-tilleul.fr\/wp-content\/uploads\/2019\/10\/IMG_9504-768x493.jpg 768w, https:\/\/hotel-tilleul.fr\/wp-content\/uploads\/2019\/10\/IMG_9504-400x257.jpg 400w, https:\/\/hotel-tilleul.fr\/wp-content\/uploads\/2019\/10\/IMG_9504-1713x1100.jpg 1713w\" sizes=\"(max-width: 1024px) 100vw, 1024px\" \/><\/figure>\n\n<p><\/p>\n\n<p>An der Rezeption des Hotels k\u00f6nnen Sie :<\/p>\n\n<ul class=\"wp-block-list\">\n<li>Vorschl\u00e4ge f\u00fcr Routen zu Fu\u00df, mit dem Fahrrad, dem Auto oder dem Motorrad.<\/li>\n\n\n\n<li>Thematisch gegliederte Routenvorschl\u00e4ge.<\/li>\n\n\n\n<li>Touristisches Informationsmaterial \u00fcber Orte, die Sie besuchen k\u00f6nnen.<\/li>\n<\/ul>\n","protected":false},"excerpt":{"rendered":"<p>In unserer Einrichtung k\u00f6nnen Sie unsere Au\u00dfen- und Inneneinrichtungen nutzen, die Ihnen kostenlos zur Verf\u00fcgung stehen. Diese Bereiche werden Gro\u00df und Klein w\u00e4hrend Ihrer Freizeit oder bei Regenwetter besch\u00e4ftigen k\u00f6nnen. Wir sind ein idealer Ausgangspunkt f\u00fcr Ihre Wanderungen, Fahrrad- oder Motorradtouren. Im Freien: Schl\u00e4ger und B\u00e4lle stellen wir Ihnen auf Anfrage an der Rezeption zur [&hellip;]<\/p>\n","protected":false},"author":1,"featured_media":1824,"parent":0,"menu_order":0,"comment_status":"closed","ping_status":"closed","template":"page_activites.php","meta":{"_acf_changed":false,"footnotes":""},"class_list":["post-3710","page","type-page","status-publish","has-post-thumbnail","hentry"],"acf":[],"_links":{"self":[{"href":"https:\/\/hotel-tilleul.fr\/de\/wp-json\/wp\/v2\/pages\/3710","targetHints":{"allow":["GET"]}}],"collection":[{"href":"https:\/\/hotel-tilleul.fr\/de\/wp-json\/wp\/v2\/pages"}],"about":[{"href":"https:\/\/hotel-tilleul.fr\/de\/wp-json\/wp\/v2\/types\/page"}],"author":[{"embeddable":true,"href":"https:\/\/hotel-tilleul.fr\/de\/wp-json\/wp\/v2\/users\/1"}],"replies":[{"embeddable":true,"href":"https:\/\/hotel-tilleul.fr\/de\/wp-json\/wp\/v2\/comments?post=3710"}],"version-history":[{"count":5,"href":"https:\/\/hotel-tilleul.fr\/de\/wp-json\/wp\/v2\/pages\/3710\/revisions"}],"predecessor-version":[{"id":4785,"href":"https:\/\/hotel-tilleul.fr\/de\/wp-json\/wp\/v2\/pages\/3710\/revisions\/4785"}],"wp:featuredmedia":[{"embeddable":true,"href":"https:\/\/hotel-tilleul.fr\/de\/wp-json\/wp\/v2\/media\/1824"}],"wp:attachment":[{"href":"https:\/\/hotel-tilleul.fr\/de\/wp-json\/wp\/v2\/media?parent=3710"}],"curies":[{"name":"wp","href":"https:\/\/api.w.org\/{rel}","templated":true}]}}