{"id":3737,"date":"2022-07-04T15:51:54","date_gmt":"2022-07-04T13:51:54","guid":{"rendered":"https:\/\/hotel-tilleul.fr\/bankette-gruppen\/"},"modified":"2025-04-15T09:17:28","modified_gmt":"2025-04-15T07:17:28","slug":"bankette-gruppen","status":"publish","type":"page","link":"https:\/\/hotel-tilleul.fr\/de\/bankette-gruppen\/","title":{"rendered":"Bankette \/ Gruppen"},"content":{"rendered":"&#13;\n<p>Hotel-Restaurant in H\u00f6henlage (700 m), in der N\u00e4he von Colmar und Kaysersberg. Unser Haus ist ein gastronomischer Anlaufpunkt f\u00fcr Gruppen, Motorr\u00e4der, Fahrr\u00e4der, Wanderer und Busse.<br\/>Wir begr\u00fc\u00dfen Gruppen f\u00fcr eine angenehme Mittagspause in unserem Restaurant mit Blick auf die els\u00e4ssische Ebene und die Galtz-Statue.<\/p>&#13;\n&#13;\n<p>Das Hotel-Restaurant &#8222;Au Tilleul&#8220; im Herzen von Labaroche ist ideal gelegen f\u00fcr Besuche der umliegenden Museen, wie z.B.: das Museum f\u00fcr Holzberufe (200m), das Linge-Memorial (15min Fahrt), das Museum der Lebensw\u00e4sser &#8211; Miclo-Destillerie (15min Fahrt)&#8230;<\/p>&#13;\n&#13;\n<p>Im Laufe von drei Generationen ist es mit seinen 30 Zimmern und einer Kapazit\u00e4t f\u00fcr 100 G\u00e4ste zu einem sicheren Wert in der Region geworden.<\/p>&#13;\n&#13;\n<h2 class=\"wp-block-heading\" id=\"banquet_hotel\">Hotel<\/h2>&#13;\n&#13;\n<p>Wir bieten auch Gruppen und Busreisenden die M\u00f6glichkeit, einen entspannenden Zwischenstopp in unseren Standard- oder Superior-Zimmern einzulegen, indem sie dort mit Halbpension \u00fcbernachten.<\/p>&#13;\n&#13;\n<p>Wir bieten g\u00fcnstige Preise f\u00fcr die Halbpension an und gew\u00e4hren 1 Freifahrtschein pro 40 Vollzahler.<\/p>&#13;\n&#13;\n<p>Um Ihren Aufenthalt im Elsass sehr angenehm zu gestalten, m\u00f6chten wir Ihnen Ideen liefern, wie Sie Ihr Programm mit Ausfl\u00fcgen und Besichtigungen in unserer Region zusammenstellen oder verfeinern k\u00f6nnen.<\/p>&#13;\n&#13;\n<p>Wir stellen Ihnen zur Verf\u00fcgung:<\/p>&#13;\n&#13;\n<ul class=\"wp-block-list\">&#13;\n<li>Kostenlose Privatparkpl\u00e4tze f\u00fcr Busse und Hotelg\u00e4ste<\/li>&#13;\n<li>Fahrrad-\/Motorradparkplatz auf Anfrage<\/li>&#13;\n<li>Aufzug<\/li>&#13;\n<li>Kostenlose Wi-Fi-Verbindung<\/li>&#13;\n<li>Zugang f\u00fcr Personen mit eingeschr\u00e4nkter Mobilit\u00e4t<\/li>&#13;\n<\/ul>&#13;\n&#13;\n<p>Eine Anfrage \u00fcber unsere Kontaktseite stellen<\/p>&#13;\n&#13;\n<figure class=\"wp-block-image\"><img fetchpriority=\"high\" decoding=\"async\" width=\"1024\" height=\"683\" class=\"wp-image-47\" src=\"https:\/\/hotel-tilleul.fr\/wp-content\/uploads\/2019\/08\/446A4639-1024x683.jpg\" alt=\"\" srcset=\"https:\/\/hotel-tilleul.fr\/wp-content\/uploads\/2019\/08\/446A4639-1024x683.jpg 1024w, https:\/\/hotel-tilleul.fr\/wp-content\/uploads\/2019\/08\/446A4639-300x200.jpg 300w, https:\/\/hotel-tilleul.fr\/wp-content\/uploads\/2019\/08\/446A4639-768x512.jpg 768w, https:\/\/hotel-tilleul.fr\/wp-content\/uploads\/2019\/08\/446A4639-400x267.jpg 400w, https:\/\/hotel-tilleul.fr\/wp-content\/uploads\/2019\/08\/446A4639-1650x1100.jpg 1650w, https:\/\/hotel-tilleul.fr\/wp-content\/uploads\/2019\/08\/446A4639.jpg 2016w\" sizes=\"(max-width: 1024px) 100vw, 1024px\" \/><\/figure>&#13;\n&#13;\n<h2 class=\"wp-block-heading\" id=\"banquet_restaurant\">Restaurant<\/h2>&#13;\n&#13;\n<p>Wir verf\u00fcgen \u00fcber einen klimatisierten Saal mit einer Kapazit\u00e4t f\u00fcr 80 Personen und einen privaten Raum f\u00fcr bis zu 26 Personen.<br\/>Sie werden eine traditionelle, kreative und raffinierte K\u00fcche in einer ruhigen Umgebung genie\u00dfen, die zur Entspannung einl\u00e4dt.<\/p>&#13;\n&#13;\n<p>Wir bieten Ihnen die Ausarbeitung von Men\u00fcs mit\/ohne Getr\u00e4nke an, die Ihren W\u00fcnschen und Ihrem Budget entsprechen.<\/p>&#13;\n&#13;\n<p>Der Chefkoch bietet auch eine Auswahl an Spezialmen\u00fcs f\u00fcr Veranstaltungen wie: Geburtstag, Taufe, Kommunion, Familientreffen, Gesch\u00e4ftstreffen&#8230;<\/p>&#13;\n&#13;\n<p>Alle unsere Gerichte sind hausgemacht.<\/p>&#13;\n<hr\/>&#13;\n<p><b>Afin de mieux vous servir, <\/b><b>nous vous remercions de bien vouloir choisir <\/b><b>un\u00a0 menu unique <\/b><b>pour l\u2019ensemble <\/b><b>de vos convives.<\/b><\/p>&#13;\n<p>Nous restons \u00e0 votre disposition pour tout changement dans la composition de vos menus(allergies*, r\u00e9gime alimentaire sp\u00e9cifique)<\/p>&#13;\n<p>Toute modification dans la quantit\u00e9 ou la composition des mets peut engendrer un changement de prix.<\/p>&#13;\n<p>\u00a0<\/p>&#13;\n<h2 class=\"has-text-align-center wp-block-heading\" style=\"text-align: center;\">Men\u00fcs ab 30 Personen<\/h2>&#13;\n&#13;\n<h3 class=\"has-text-align-center wp-block-heading\" style=\"text-align: center;\"><strong>MENU 22,00\u20ac<\/strong><\/h3>&#13;\n&#13;\n<p class=\"has-text-align-center\" style=\"text-align: center;\">Perfektes Ei, cremige Emulsion mit Speck<\/p>&#13;\n<p class=\"has-text-align-center\" style=\"text-align: center;\">Huhn in Riesling, Sp\u00e4tzle<\/p>&#13;\n<p class=\"has-text-align-center\" style=\"text-align: center;\">Torte mit Fr\u00fcchten der Saison<\/p>&#13;\n&#13;\n<p class=\"has-text-align-center\" style=\"text-align: center;\">***<\/p>&#13;\n&#13;\n<h3 class=\"has-text-align-center wp-block-heading\" style=\"text-align: center;\"><strong>MEN\u00dc 23,50\u20ac<\/strong><\/h3>&#13;\n&#13;\n<p class=\"has-text-align-center\" style=\"text-align: center;\">Garniertes Sauerkraut<\/p>&#13;\n<p class=\"has-text-align-center\" style=\"text-align: center;\">Munster fermier du pays Welche<\/p>&#13;\n<p class=\"has-text-align-center\" style=\"text-align: center;\">Zitronensorbet betr\u00e4ufelt<\/p>&#13;\n&#13;\n<p class=\"has-text-align-center\" style=\"text-align: center;\">***<\/p>&#13;\n&#13;\n<h3 class=\"has-text-align-center wp-block-heading\" style=\"text-align: center;\"><strong>MENU 25,00\u20ac<\/strong><\/h3>&#13;\n&#13;\n<p class=\"has-text-align-center\" style=\"text-align: center;\">Zwiebelkuchen<\/p>&#13;\n<p class=\"has-text-align-center\" style=\"text-align: center;\">Schweineb\u00e4ckchen in Rotwein, Nudeln und Gem\u00fcse<\/p>&#13;\n<p class=\"has-text-align-center\" style=\"text-align: center;\">Mousse mit els\u00e4ssischem Kirschwasser<\/p>&#13;\n&#13;\n<p class=\"has-text-align-center\" style=\"text-align: center;\">***<\/p>&#13;\n&#13;\n<h3 class=\"has-text-align-center wp-block-heading\" style=\"text-align: center;\"><strong>MEN\u00dc 28,50\u20ac<\/strong><\/h3>&#13;\n&#13;\n<p class=\"has-text-align-center\" style=\"text-align: center;\">Pot-au-feu-Br\u00fche mit Kn\u00f6deln<\/p>&#13;\n<p class=\"has-text-align-center\" style=\"text-align: center;\">Rindfleisch &#8222;Gros Sel&#8220; und Rohkost<\/p>&#13;\n<p class=\"has-text-align-center\" style=\"text-align: center;\">Gefrorener Vacherin<\/p>&#13;\n&#13;\n<p class=\"has-text-align-center\" style=\"text-align: center;\">***<\/p>&#13;\n&#13;\n<h3 class=\"has-text-align-center wp-block-heading\" style=\"text-align: center;\"><strong>MEN\u00dc 30,00\u20ac.<\/strong><\/h3>&#13;\n<p style=\"text-align: center;\">Salade vigneronne<\/p>&#13;\n<p style=\"text-align: center;\">Bouch\u00e9e \u00e0 la reine de volaille et de veau, spaetzl\u00e9s<\/p>&#13;\n<p style=\"text-align: center;\">Ile flottante \u00e0 la vanille de Madagascar<\/p>&#13;\n&#13;\n<p class=\"has-text-align-center\" style=\"text-align: center;\">***<\/p>&#13;\n<h3 class=\"has-text-align-center\" style=\"text-align: center;\"><strong>MENU 32,00\u20ac<\/strong><\/h3>&#13;\n<p style=\"text-align: center;\">Gefl\u00fcgelterrine mit Rohkost<\/p>&#13;\n<p style=\"text-align: center;\">Zandersteak mit Riesling-Sauce und feinen Nudeln<\/p>&#13;\n<p style=\"text-align: center;\">Gefrorener Gugelhupf<br\/><br\/><\/p>&#13;\n<hr\/>&#13;\n<p><b>Afin de mieux vous servir, <\/b><b>nous vous remercions de bien vouloir choisir <\/b><b>un\u00a0 menu unique <\/b><b>pour l\u2019ensemble <\/b><b>de vos convives.<\/b><\/p>&#13;\n<p>Nous restons \u00e0 votre disposition pour tout changement dans la composition de vos menus(allergies*, r\u00e9gime alimentaire sp\u00e9cifique)<\/p>&#13;\n<p>Toute modification dans la quantit\u00e9 ou la composition des mets peut engendrer un changement de prix.<\/p>&#13;\n<h2 class=\"has-text-align-center wp-block-heading\" style=\"text-align: center;\">Men\u00fcs ab 12 Personen<\/h2>&#13;\n&#13;\n<h3 class=\"has-text-align-center wp-block-heading\" style=\"text-align: center;\"><strong>MEN\u00dc &#8222;WANDERER&#8220; 22.50\u20ac.<\/strong><\/h3>&#13;\n<h3 style=\"text-align: center;\"><\/h3>&#13;\n<p style=\"text-align: center;\">Ei &#8222;Parfait<\/p>&#13;\n<p style=\"text-align: center;\">Cremige Emulsion mit Speck<\/p>&#13;\n<p style=\"text-align: center;\">***<\/p>&#13;\n<p style=\"text-align: center;\">Huhn in Riesling, Sp\u00e4tzle<\/p>&#13;\n<p style=\"text-align: center;\">***<\/p>&#13;\n<p style=\"text-align: center;\">Torte mit Fr\u00fcchten der Saison<\/p>&#13;\n<h3 style=\"text-align: center;\">\u00a0<\/h3>&#13;\n<h3 class=\"has-text-align-center\" style=\"text-align: center;\"><strong>MENU &#8222;ROUTE DES VINS&#8220; 24,00\u20ac<\/strong><\/h3>&#13;\n<p style=\"text-align: center;\"><\/p>&#13;\n<p class=\"has-text-align-center\" style=\"text-align: center;\">Garniertes <em>Sauerkraut<\/em>mit 5 Fleischsorten<\/p>&#13;\n<p class=\"has-text-align-center\" style=\"text-align: center;\">Munster d&#8217;Alsace fermier<\/p>&#13;\n<p class=\"has-text-align-center\" style=\"text-align: center;\">Bew\u00e4ssertes Sorbet<\/p>&#13;\n<h3 style=\"text-align: center;\">\u00a0<\/h3>&#13;\n<h3 class=\"has-text-align-center\" style=\"text-align: center;\"><strong>MENU &#8222;RECETTE DE MA GRAND-M\u00c8RE&#8220; 28.50\u20ac<\/strong><\/h3>&#13;\n&#13;\n<p style=\"text-align: center;\">Zwiebelkuchen, Salat<\/p>&#13;\n<p style=\"text-align: center;\">***<\/p>&#13;\n<p style=\"text-align: center;\">Gegrillte gelbe H\u00e4hnchenbrust mit frischen Pilzen<\/p>&#13;\n<p style=\"text-align: center;\">Kartoffelgratin mit kleinem Gem\u00fcse<\/p>&#13;\n<p style=\"text-align: center;\">***<\/p>&#13;\n<p style=\"text-align: center;\">Kirsch-Mousse<\/p>&#13;\n<h3 style=\"text-align: center;\">\u00a0<\/h3>&#13;\n<h3 class=\"has-text-align-center\" style=\"text-align: center;\"><strong>MENU &#8222;L \u2018ALSACE \u00c0 TABLE&#8220; 33.00\u20ac<\/strong><\/h3>&#13;\n&#13;\n<p style=\"text-align: center;\">Terrine de volaille maison et ses crudit\u00e9s<\/p>&#13;\n<p style=\"text-align: center;\">***<\/p>&#13;\n<p style=\"text-align: center;\">Filet de sandre sauce au Riesling, nouilles aux croutons<\/p>&#13;\n<p style=\"text-align: center;\">***<\/p>&#13;\n<p style=\"text-align: center;\">Kougelhopf glac\u00e9 au Marc de Gewurztraminer<\/p>&#13;\n<p class=\"has-text-align-center\" style=\"text-align: center;\">\u00a0<\/p>&#13;\n<p style=\"text-align: center;\"><\/p>&#13;\n<h3 class=\"has-text-align-center wp-block-heading\" style=\"text-align: center;\"><strong>MEN\u00dc &#8222;UNUMG\u00c4NGLICH&#8220; 36.00\u20ac.<\/strong><\/h3>&#13;\n<p style=\"text-align: center;\"><\/p>&#13;\n<p style=\"text-align: center;\">Amuse bouche<\/p>&#13;\n<p style=\"text-align: center;\">***<\/p>&#13;\n<p style=\"text-align: center;\">Fischterrine, Cocktailsauce und Salat mit jungen Sprossen<\/p>&#13;\n<p style=\"text-align: center;\">***<\/p>&#13;\n<p style=\"text-align: center;\">Hausgemachter K\u00f6niginnenbissen, Spaetzle Gem\u00fcse der Saison<\/p>&#13;\n<p style=\"text-align: center;\">***<\/p>&#13;\n<p style=\"text-align: center;\">Profiteroles mit Heidelbeeren<\/p>&#13;\n<p style=\"text-align: center;\">\u00a0<\/p>&#13;\n<h3 class=\"has-text-align-center\" style=\"text-align: center;\"><strong>MENU &#8222;ESCAPADE GOURMANDE&#8220; 39,00\u20ac<\/strong><\/h3>&#13;\n<p style=\"text-align: center;\"><\/p>&#13;\n<p style=\"text-align: center;\">Amuse bouche<\/p>&#13;\n<p style=\"text-align: center;\">***<\/p>&#13;\n<p style=\"text-align: center;\">Langustinenravioli asiatische Bouillon<\/p>&#13;\n<p style=\"text-align: center;\">***<\/p>&#13;\n<p style=\"text-align: center;\">Entenfilet an Orangensauce Kartoffelgratin und Gem\u00fcse<\/p>&#13;\n<p style=\"text-align: center;\">***<\/p>&#13;\n<p style=\"text-align: center;\">Finger knusprig Pralin\u00e9-Schokolade, Kaffee-Eis<\/p>&#13;\n&#13;\n<p class=\"has-text-align-center\" style=\"text-align: center;\">\u00a0<\/p>&#13;\n&#13;\n<h3 class=\"has-text-align-center wp-block-heading\" style=\"text-align: center;\"><strong>MEN\u00dc &#8222;ERWACHEN DER SINNE&#8220;  <\/strong><\/h3>&#13;\n\r\n<p style=\"text-align: center;\">4 G\u00e4nge 48,00 \u20ac oder 5 G\u00e4nge 57,00\u20ac.<\/p>\r\n<p style=\"text-align: center;\">  Mundwasser  <\/p>\r\n<p style=\"text-align: center;\">***<\/p>\r\n<p style=\"text-align: center;\">Marmorierte Entenleber, Chutney aus dem Moment getoasteter hausgemachter Gugelhupf<\/p>\r\n<p style=\"text-align: center;\">***<\/p>\r\n<p style=\"text-align: center;\">Gesnackte Jakobsmuscheln, Lauchfondue und Safranemulsion<\/p>\r\n<p style=\"text-align: center;\">Und\/oder<\/p>\r\n<p style=\"text-align: center;\">Gegrilltes Wolfsbarschfilet, Selleriemousseline mit Tr\u00fcffel, kr\u00e4ftiger Jus<\/p>\r\n<p style=\"text-align: center;\">***<\/p>\r\n<p style=\"text-align: center;\">Kalbsentrec\u00f4te (Niedrigtemperaturgaren) mit Morcheln, Gem\u00fcse und Haselnusskartoffeln<\/p>\r\n<p style=\"text-align: center;\">***<\/p>\r\n<p style=\"text-align: center;\">Carpaccio von Orange und Mango mariniert mit Limette und Ingwer, Vanilleeis<\/p>\r\n<p style=\"text-align: center;\">\u00a0<\/p>\r\n<p style=\"text-align: center;\">\u00a0<\/p>\r\n<p style=\"text-align: center;\">\u00a0<\/p>\r\n<p>  Aufpreis f\u00fcr eine K\u00e4seauswahl pro Person: 5,50\u20ac.<\/p>\r\n<p>&nbsp;<\/p>\r\n<p>Wir k\u00f6nnen Ihnen auch einen individuellen Kuchen f\u00fcr einen bestimmten Anlass als Alternative zum vorgeschlagenen Dessert anbieten.<\/p>\r\n<p>&nbsp;<\/p>\r\n<p><strong>Unsere Weinpakete : <\/strong> <\/p>\r\n<p>1 Kir Wei\u00dfwein und 1 Kaffee: 6,80 \u20ac.<\/p>\r\n<p>1 Glas C\u00f4te du Rh\u00f4ne, 1 Glas Pinot Blanc, 1 Kaffee: 11,00 \u20ac.<\/p>\r\n<p>1 Hausaperitif, 1 Glas Els\u00e4sser Wein (Pinot Gris, Riesling, Gew\u00fcrztraminer), 1 Glas Rotwein (Languedoc, Pinot Noir), 1 Kaffee: 18,50 \u20ac.<\/p>\r\n<p>&nbsp;<\/p>\r\n<p>&nbsp;<\/p>\r\n<p><!--StartFragment--><\/p>\r\n&#13;\n<figure class=\"wp-block-image\"><img decoding=\"async\" width=\"1024\" height=\"683\" class=\"wp-image-596\" src=\"https:\/\/hotel-tilleul.fr\/wp-content\/uploads\/2019\/10\/Souris-dagneau_mod-1024x683.jpg\" alt=\"\" srcset=\"https:\/\/hotel-tilleul.fr\/wp-content\/uploads\/2019\/10\/Souris-dagneau_mod-1024x683.jpg 1024w, https:\/\/hotel-tilleul.fr\/wp-content\/uploads\/2019\/10\/Souris-dagneau_mod-300x200.jpg 300w, https:\/\/hotel-tilleul.fr\/wp-content\/uploads\/2019\/10\/Souris-dagneau_mod-768x512.jpg 768w, https:\/\/hotel-tilleul.fr\/wp-content\/uploads\/2019\/10\/Souris-dagneau_mod-400x267.jpg 400w, https:\/\/hotel-tilleul.fr\/wp-content\/uploads\/2019\/10\/Souris-dagneau_mod-1649x1100.jpg 1649w\" sizes=\"(max-width: 1024px) 100vw, 1024px\" \/><\/figure>&#13;\n\r\n\r\n&#13;\n<p>Jede \u00c4nderung der Menge oder der Zusammensetzung der Speisen kann eine Preis\u00e4nderung zur Folge haben.<\/p>&#13;\n\r\n\r\n&#13;\n<p>Bei \u00c4nderungen in der Zusammensetzung Ihres Men\u00fcs (Allergien, spezielle Di\u00e4t) stehen wir Ihnen gerne zur Verf\u00fcgung.<\/p>&#13;\n\r\n\r\n\r\n\r\n&#13;\n<p>Bei der Buchung wird eine Anzahlung von 30% verlangt.<\/p>&#13;\n\r\n\r\n&#13;\n<p>Die endg\u00fcltige Anzahl der G\u00e4ste von +\/- 3 Personen kann innerhalb von drei Werktagen vor dem Auftritt ge\u00e4ndert werden.<\/p>&#13;\n\r\n<p><!--EndFragment--><\/p>\r\n&#13;\n<p>Wir danken unseren freundlichen G\u00e4sten daf\u00fcr, dass sie unsere Rechnungen unmittelbar nach ihrem Mittag- oder Abendessen honorieren.<\/p>&#13;\n\r\n\r\n&#13;\n<p>Zahlungen per Scheck oder Essensmarke werden nicht akzeptiert, unsere Preise basieren auf den aktuell g\u00fcltigen Mehrwertsteuers\u00e4tzen vom 1. Januar 2019.<\/p>&#13;\n\r\n\r\n<hr\/>\r\n\r\n&#13;\n<p>\u00a0<\/p>&#13;\n\r\n\r\n","protected":false},"excerpt":{"rendered":"<p>&#13; Hotel-Restaurant in H\u00f6henlage (700 m), in der N\u00e4he von Colmar und Kaysersberg. Unser Haus ist ein gastronomischer Anlaufpunkt f\u00fcr Gruppen, Motorr\u00e4der, Fahrr\u00e4der, Wanderer und Busse.Wir begr\u00fc\u00dfen Gruppen f\u00fcr eine angenehme Mittagspause in unserem Restaurant mit Blick auf die els\u00e4ssische Ebene und die Galtz-Statue. &#13; &#13; Das Hotel-Restaurant &#8222;Au Tilleul&#8220; im Herzen von Labaroche ist [&hellip;]<\/p>\n","protected":false},"author":1,"featured_media":2008,"parent":0,"menu_order":0,"comment_status":"closed","ping_status":"closed","template":"page_banquets.php","meta":{"_acf_changed":false,"footnotes":""},"class_list":["post-3737","page","type-page","status-publish","has-post-thumbnail","hentry"],"acf":[],"_links":{"self":[{"href":"https:\/\/hotel-tilleul.fr\/de\/wp-json\/wp\/v2\/pages\/3737","targetHints":{"allow":["GET"]}}],"collection":[{"href":"https:\/\/hotel-tilleul.fr\/de\/wp-json\/wp\/v2\/pages"}],"about":[{"href":"https:\/\/hotel-tilleul.fr\/de\/wp-json\/wp\/v2\/types\/page"}],"author":[{"embeddable":true,"href":"https:\/\/hotel-tilleul.fr\/de\/wp-json\/wp\/v2\/users\/1"}],"replies":[{"embeddable":true,"href":"https:\/\/hotel-tilleul.fr\/de\/wp-json\/wp\/v2\/comments?post=3737"}],"version-history":[{"count":13,"href":"https:\/\/hotel-tilleul.fr\/de\/wp-json\/wp\/v2\/pages\/3737\/revisions"}],"predecessor-version":[{"id":4778,"href":"https:\/\/hotel-tilleul.fr\/de\/wp-json\/wp\/v2\/pages\/3737\/revisions\/4778"}],"wp:featuredmedia":[{"embeddable":true,"href":"https:\/\/hotel-tilleul.fr\/de\/wp-json\/wp\/v2\/media\/2008"}],"wp:attachment":[{"href":"https:\/\/hotel-tilleul.fr\/de\/wp-json\/wp\/v2\/media?parent=3737"}],"curies":[{"name":"wp","href":"https:\/\/api.w.org\/{rel}","templated":true}]}}