{"id":3762,"date":"2022-07-04T16:20:15","date_gmt":"2022-07-04T14:20:15","guid":{"rendered":"https:\/\/hotel-tilleul.fr\/tourismus\/"},"modified":"2022-07-04T16:20:16","modified_gmt":"2022-07-04T14:20:16","slug":"tourismus","status":"publish","type":"page","link":"https:\/\/hotel-tilleul.fr\/de\/tourismus\/","title":{"rendered":"Tourismus"},"content":{"rendered":"\n<h2 class=\"wp-block-heading\">Labaroche in der N\u00e4he von Sehensw\u00fcrdigkeiten<\/h2>\n\n<p>Das Hotel und Restaurant Au Tilleul befindet sich in <em>Labaroche,<\/em> einem kleinen malerischen Bergdorf inmitten einer flammenden und ruhigen Natur im Pays Welche.<br\/>Rundherum herrscht Stille im Gr\u00fcnen und in den Bergen, sodass Sie sich entspannen und die zahlreichen Spazierg\u00e4nge in der Umgebung genie\u00dfen k\u00f6nnen.  <\/p>\n\n<p>Auf halbem Weg zwischen Stra\u00dfburg und Mulhouse (50 min mit dem Auto), in der N\u00e4he von Colmar (20 min mit dem Auto) und 20 Minuten von der ber\u00fchmten <strong>Weinstra\u00dfe<\/strong> entfernt : <strong>\n  <a rel=\"noreferrer noopener\" href=\"https:\/\/www.route-des-vins-alsace.com\/\" target=\"_blank\">https:\/\/www.route-des-vins-alsace.com\/<\/a>\n<\/strong><\/p>\n\n<figure class=\"wp-block-image\"><img decoding=\"async\" src=\"http:\/\/hotel-tilleul.fr\/wp-content\/uploads\/2019\/11\/route_des_vins.jpg\" alt=\"\" class=\"wp-image-1039\"\/><figcaption><em>Dorf Katzenthal (\u00a9 Zvardon)<\/em> <\/figcaption><\/figure>\n<p>Nur wenige Schritte vom <strong>Espace des M\u00e9tiers du Bois et du Patrimoine ( <a rel=\"noreferrer noopener\" href=\"https:\/\/www.musee-bois-labaroche.com\/\" target=\"_blank\">https:\/\/www.musee-bois-labaroche.com\/)<\/a><\/strong> entfernt, der im Elsass unbedingt besichtigt werden sollte.  <\/p>\n\n<figure class=\"wp-block-image\"><img fetchpriority=\"high\" decoding=\"async\" width=\"1024\" height=\"683\" src=\"http:\/\/hotel-tilleul.fr\/wp-content\/uploads\/2019\/11\/1-1024x683.jpg\" alt=\"\" class=\"wp-image-1040\" srcset=\"https:\/\/hotel-tilleul.fr\/wp-content\/uploads\/2019\/11\/1.jpg 1024w, https:\/\/hotel-tilleul.fr\/wp-content\/uploads\/2019\/11\/1-300x200.jpg 300w, https:\/\/hotel-tilleul.fr\/wp-content\/uploads\/2019\/11\/1-768x512.jpg 768w, https:\/\/hotel-tilleul.fr\/wp-content\/uploads\/2019\/11\/1-400x267.jpg 400w\" sizes=\"(max-width: 1024px) 100vw, 1024px\" \/><figcaption><em>Holzmuseum Labaroche<\/em> <\/figcaption><\/figure>\n<p>5 Kilometer vom <strong>Linen Memorial Museum<\/strong> entfernt: <strong>http: <a rel=\"noreferrer noopener\" href=\"http:\/\/www.linge1915.com\/\" target=\"_blank\">\/\/www.linge1915.com\/<\/a><\/strong><\/p>\n\n<figure class=\"wp-block-image\"><img decoding=\"async\" width=\"1000\" height=\"403\" src=\"http:\/\/hotel-tilleul.fr\/wp-content\/uploads\/2019\/11\/i3.jpg\" alt=\"\" class=\"wp-image-1041\" srcset=\"https:\/\/hotel-tilleul.fr\/wp-content\/uploads\/2019\/11\/i3.jpg 1000w, https:\/\/hotel-tilleul.fr\/wp-content\/uploads\/2019\/11\/i3-300x121.jpg 300w, https:\/\/hotel-tilleul.fr\/wp-content\/uploads\/2019\/11\/i3-768x310.jpg 768w, https:\/\/hotel-tilleul.fr\/wp-content\/uploads\/2019\/11\/i3-400x161.jpg 400w\" sizes=\"(max-width: 1000px) 100vw, 1000px\" \/><figcaption><em>W\u00e4schemuseum<\/em> <\/figcaption><\/figure>\n<p>Nur 20 Minuten von der <strong>Station Lac Blanc (<a rel=\"noreferrer noopener\" href=\"https:\/\/www.lac-blanc.com\/\" target=\"_blank\">https:\/\/www.lac-blanc.com\/)<\/a><\/strong> entfernt, die von der Route des Cr\u00eates durchquert wird. Dieser Ort ist bekannt f\u00fcr seinen Bikepark, Abenteuerpark, Barfu\u00dfpfad und seine Skipisten.<\/p>\n\n<figure class=\"wp-block-image\"><img decoding=\"async\" src=\"http:\/\/hotel-tilleul.fr\/wp-content\/uploads\/2019\/11\/slidersiteweblb.jpg\" alt=\"\" class=\"wp-image-1042\"\/><figcaption><em>Wei\u00dfer See<\/em> <\/figcaption><\/figure>\n<p>In der N\u00e4he von Deutschland und der Schweiz k\u00f6nnen Sie einen Tag auf dem Rhein oder im Freizeitpark <strong>Europa Park<\/strong> planen: <strong>\n  <a rel=\"noreferrer noopener\" href=\"https:\/\/www.europapark.de\/fr\" target=\"_blank\">https:\/\/www.europapark.de\/fr<\/a>\n<\/strong><\/p>\n\n<figure class=\"wp-block-image\"><img decoding=\"async\" width=\"1024\" height=\"417\" src=\"http:\/\/hotel-tilleul.fr\/wp-content\/uploads\/2019\/11\/snorri_touren_hero_v2-1024x417.jpg\" alt=\"\" class=\"wp-image-1043\" srcset=\"https:\/\/hotel-tilleul.fr\/wp-content\/uploads\/2019\/11\/snorri_touren_hero_v2-1024x417.jpg 1024w, https:\/\/hotel-tilleul.fr\/wp-content\/uploads\/2019\/11\/snorri_touren_hero_v2-300x122.jpg 300w, https:\/\/hotel-tilleul.fr\/wp-content\/uploads\/2019\/11\/snorri_touren_hero_v2-768x312.jpg 768w, https:\/\/hotel-tilleul.fr\/wp-content\/uploads\/2019\/11\/snorri_touren_hero_v2-400x163.jpg 400w, https:\/\/hotel-tilleul.fr\/wp-content\/uploads\/2019\/11\/snorri_touren_hero_v2.jpg 1180w\" sizes=\"(max-width: 1024px) 100vw, 1024px\" \/><figcaption><em>Europapark<\/em> <\/figcaption><\/figure>\n<p>Die D\u00f6rfer Ribeauvill\u00e9, Kaysersberg, Riquewihr und Eguisheim, um nur die bekanntesten zu nennen, befinden sich in einem Umkreis von 20 Kilometern. <strong><a rel=\"noreferrer noopener\" href=\"https:\/\/www.tourisme-alsace.com\/modules\/plan\/\" target=\"_blank\">https:\/\/www.tourisme-alsace.com\/modules\/plan\/<\/a>          <a rel=\"noreferrer noopener\" href=\"https:\/\/noel.tourisme-alsace.com\/\" target=\"_blank\">https:\/\/noel.tourisme-alsace.com\/<\/a><\/strong><\/p>\n\n<figure class=\"wp-block-image\"><img loading=\"lazy\" decoding=\"async\" width=\"969\" height=\"541\" src=\"http:\/\/hotel-tilleul.fr\/wp-content\/uploads\/2019\/11\/noel-kaysersberg-credits-OT-Kaysersberg.jpg\" alt=\"\" class=\"wp-image-1044\" srcset=\"https:\/\/hotel-tilleul.fr\/wp-content\/uploads\/2019\/11\/noel-kaysersberg-credits-OT-Kaysersberg.jpg 969w, https:\/\/hotel-tilleul.fr\/wp-content\/uploads\/2019\/11\/noel-kaysersberg-credits-OT-Kaysersberg-300x167.jpg 300w, https:\/\/hotel-tilleul.fr\/wp-content\/uploads\/2019\/11\/noel-kaysersberg-credits-OT-Kaysersberg-768x429.jpg 768w, https:\/\/hotel-tilleul.fr\/wp-content\/uploads\/2019\/11\/noel-kaysersberg-credits-OT-Kaysersberg-400x223.jpg 400w\" sizes=\"(max-width: 969px) 100vw, 969px\" \/><figcaption><em>Tourismus im Elsass<\/em> <\/figcaption><\/figure>\n<p class=\"has-text-align-left\">In der Umgebung k\u00f6nnen Sie entdecken:<\/p>\n\n<p class=\"has-text-align-left\"><strong>der Affenberg: https: <a rel=\"noreferrer noopener\" href=\"https:\/\/www.montagnedessinges.com\" target=\"_blank\">\/\/www<\/a><\/strong>.montagnedessinges.com\/,  <br\/><strong>die Volerie des Aigles (Adlerwarte): https: <a rel=\"noreferrer noopener\" href=\"https:\/\/www.voleriedesaigles.com\/\" target=\"_blank\">\/\/www<\/a>.voleriedesaigles.com\/,  <\/strong><br\/><strong>das NaturOparC: http: <a rel=\"noreferrer noopener\" href=\"http:\/\/www.centredereintroduction.fr\/\" target=\"_blank\">\/\/www<\/a>.centredereintroduction.fr\/,<\/strong> <br\/><strong>der Garten der Schmetterlinge: http: <a rel=\"noreferrer noopener\" href=\"http:\/\/www.jardinsdespapillons.fr\/\" target=\"_blank\">\/\/www<\/a>.jardinsdespapillons.fr\/,<\/strong> <br\/><strong>das Schloss Haut-Koenigsbourg: https: <a rel=\"noreferrer noopener\" href=\"https:\/\/www.haut-koenigsbourg.fr\/fr\/\" target=\"_blank\">\/\/www.haut-koenigsbourg.fr\/fr\/<\/a><\/strong><\/p>\n\n<div class=\"wp-block-image\"><figure class=\"aligncenter\"><img decoding=\"async\" src=\"http:\/\/hotel-tilleul.fr\/wp-content\/uploads\/2019\/11\/vue-aerienne.jpg\" alt=\"\" class=\"wp-image-1048\"\/><figcaption><em>Serge Lohner<\/em><\/figcaption><\/figure><\/div>\n\n<p>In unserer Brosch\u00fcre finden Sie die unumg\u00e4nglichen Orte, die es im Elsass zu entdecken gilt!<\/p>\n\n<p>Der Vorteil des Hotels Au Tilleul besteht darin, dass es sich in der N\u00e4he der wichtigsten Sehensw\u00fcrdigkeiten des Elsass befindet und Sie sich gleichzeitig in einem kleinen Dorf auf 700 m H\u00f6he im <strong>regionalen Naturpark Ballons des Vosges<\/strong> entspannen k\u00f6nnen: <strong>https: <a rel=\"noreferrer noopener\" href=\"https:\/\/www.parc-ballons-vosges.fr\/\" target=\"_blank\">\/\/www.parc-ballons-vosges.fr\/<\/a><\/strong><\/p>\n\n<figure class=\"wp-block-image\"><img loading=\"lazy\" decoding=\"async\" width=\"1024\" height=\"576\" src=\"http:\/\/hotel-tilleul.fr\/wp-content\/uploads\/2019\/11\/nuages_automne-PNRBVAlix-Badre-1024x576.jpg\" alt=\"\" class=\"wp-image-1045\" srcset=\"https:\/\/hotel-tilleul.fr\/wp-content\/uploads\/2019\/11\/nuages_automne-PNRBVAlix-Badre-1024x576.jpg 1024w, https:\/\/hotel-tilleul.fr\/wp-content\/uploads\/2019\/11\/nuages_automne-PNRBVAlix-Badre-300x169.jpg 300w, https:\/\/hotel-tilleul.fr\/wp-content\/uploads\/2019\/11\/nuages_automne-PNRBVAlix-Badre-768x432.jpg 768w, https:\/\/hotel-tilleul.fr\/wp-content\/uploads\/2019\/11\/nuages_automne-PNRBVAlix-Badre-400x225.jpg 400w, https:\/\/hotel-tilleul.fr\/wp-content\/uploads\/2019\/11\/nuages_automne-PNRBVAlix-Badre-1956x1100.jpg 1956w, https:\/\/hotel-tilleul.fr\/wp-content\/uploads\/2019\/11\/nuages_automne-PNRBVAlix-Badre.jpg 2000w\" sizes=\"(max-width: 1024px) 100vw, 1024px\" \/><figcaption><em>Parc du ballon des Vosges (Ballonpark der Vogesen)<\/em><\/figcaption><\/figure>\n<p><strong>Verkostung els\u00e4ssischer Weine<\/strong><\/p>\n\n<p>Im Elsass gibt es viele talentierte Winzer, Genossenschaftskellereien und Brennereien.<br\/>Hier sind einige Adressen, bei denen wir uns nicht nur der Qualit\u00e4t der Weine und Spirituosen sicher sind, sondern auch der Gastfreundschaft, die Ihnen dort entgegengebracht wird!  <\/p>\n\n<p><strong>Maison Kappler in Ammerschwihr: http: <a rel=\"noreferrer noopener\" href=\"http:\/\/www.vinkappler.com\/\" target=\"_blank\">\/\/www.vinkappler.com\/<\/a> <\/strong><\/p>\n\n<p><strong>Maison Boxler in Niedermorswihr: <a rel=\"noreferrer noopener\" href=\"https:\/\/www.vinsboxler.fr\/\" target=\"_blank\"> https:\/\/www.vinsboxler.fr\/<\/a><\/strong><\/p>\n\n<p><strong>Maison Ginglinger in Eguisheim (bio): https: <a rel=\"noreferrer noopener\" href=\"https:\/\/www.vins-ginglinger.com\/\" target=\"_blank\">\/\/www.vins-ginglinger.com\/<\/a><\/strong><\/p>\n\n<p><strong>Museum De Miscault in Lapoutroie: https: <a rel=\"noreferrer noopener\" href=\"https:\/\/www.renedemiscault.fr\/fr\/\" target=\"_blank\">\/\/www.renedemiscault.fr\/fr\/<\/a><\/strong><\/p>\n\n<p><strong>Destillerie Miclo in Lapoutroie: https: <a rel=\"noreferrer noopener\" href=\"https:\/\/www.distillerie-miclo.com\/\" target=\"_blank\">\/\/www.distillerie-miclo.com\/<\/a><\/strong><\/p>\n","protected":false},"excerpt":{"rendered":"<p>Labaroche in der N\u00e4he von Sehensw\u00fcrdigkeiten Das Hotel und Restaurant Au Tilleul befindet sich in Labaroche, einem kleinen malerischen Bergdorf inmitten einer flammenden und ruhigen Natur im Pays Welche.Rundherum herrscht Stille im Gr\u00fcnen und in den Bergen, sodass Sie sich entspannen und die zahlreichen Spazierg\u00e4nge in der Umgebung genie\u00dfen k\u00f6nnen. Auf halbem Weg zwischen Stra\u00dfburg [&hellip;]<\/p>\n","protected":false},"author":1,"featured_media":1979,"parent":0,"menu_order":0,"comment_status":"closed","ping_status":"closed","template":"","meta":{"_acf_changed":false,"footnotes":""},"class_list":["post-3762","page","type-page","status-publish","has-post-thumbnail","hentry"],"acf":[],"_links":{"self":[{"href":"https:\/\/hotel-tilleul.fr\/de\/wp-json\/wp\/v2\/pages\/3762","targetHints":{"allow":["GET"]}}],"collection":[{"href":"https:\/\/hotel-tilleul.fr\/de\/wp-json\/wp\/v2\/pages"}],"about":[{"href":"https:\/\/hotel-tilleul.fr\/de\/wp-json\/wp\/v2\/types\/page"}],"author":[{"embeddable":true,"href":"https:\/\/hotel-tilleul.fr\/de\/wp-json\/wp\/v2\/users\/1"}],"replies":[{"embeddable":true,"href":"https:\/\/hotel-tilleul.fr\/de\/wp-json\/wp\/v2\/comments?post=3762"}],"version-history":[{"count":2,"href":"https:\/\/hotel-tilleul.fr\/de\/wp-json\/wp\/v2\/pages\/3762\/revisions"}],"predecessor-version":[{"id":3764,"href":"https:\/\/hotel-tilleul.fr\/de\/wp-json\/wp\/v2\/pages\/3762\/revisions\/3764"}],"wp:featuredmedia":[{"embeddable":true,"href":"https:\/\/hotel-tilleul.fr\/de\/wp-json\/wp\/v2\/media\/1979"}],"wp:attachment":[{"href":"https:\/\/hotel-tilleul.fr\/de\/wp-json\/wp\/v2\/media?parent=3762"}],"curies":[{"name":"wp","href":"https:\/\/api.w.org\/{rel}","templated":true}]}}