{"id":4532,"date":"2024-06-22T18:42:05","date_gmt":"2024-06-22T16:42:05","guid":{"rendered":"https:\/\/hotel-tilleul.fr\/geistiges-eigentum\/"},"modified":"2024-06-22T18:42:05","modified_gmt":"2024-06-22T16:42:05","slug":"geistiges-eigentum","status":"publish","type":"page","link":"https:\/\/hotel-tilleul.fr\/de\/geistiges-eigentum\/","title":{"rendered":"Geistiges Eigentum"},"content":{"rendered":"<p><strong>HOTEL MUNIER AU TILLEUL respektiert die geistigen Eigentumsrechte Dritter und erwartet von seinen Nutzern, dass sie dasselbe tun.<\/strong><\/p>\n<p>Es ist die Politik von HOTEL MUNIER AU TILLEUL, unter angemessenen Umst\u00e4nden und nach eigenem Ermessen das Konto oder den Zugang von Nutzern zu deaktivieren und\/oder zu k\u00fcndigen, die wiederholt gegen das Urheberrecht oder andere Rechte an geistigem Eigentum Dritter versto\u00dfen oder regelm\u00e4\u00dfig beschuldigt werden, gegen diese Rechte zu versto\u00dfen.<\/p>\n<p>HOTEL MUNIER AU TILLEUL wird auf Anspr\u00fcche wegen Verletzung von Rechten an geistigem Eigentum reagieren, die \u00fcber https:\/\/hotel-tilleul.fr\/ (&#8222;die Website und\/oder die Plattform&#8220;) geltend gemacht werden und die HOTEL MUNIER AU TILLEUL gem\u00e4\u00df dieser Richtlinie zur Kenntnis gebracht werden.<\/p>\n<p>Wenn Sie Inhaber eines geistigen Eigentumsrechts sind oder berechtigt sind, im Namen einer solchen Person zu handeln, melden Sie bitte angebliche Verletzungen von geistigen Eigentumsrechten, die auf oder durch die Website und die Plattform begangen wurden, indem Sie HOTEL MUNIER AU TILLEUL die folgende, vollst\u00e4ndig ausgef\u00fcllte Mitteilung \u00fcber angebliche Rechtsverletzungen wie unten beschrieben zur\u00fcckschicken.<\/p>\n<p>Nach Erhalt der Mitteilung, wie unten beschrieben, wird HOTEL MUNIER AU TILLEUL nach eigenem Ermessen alle Ma\u00dfnahmen ergreifen, die sie f\u00fcr angemessen h\u00e4lt, einschlie\u00dflich der Entfernung des strittigen Inhalts von der Website und\/oder der Plattform.<\/p>\n<p>&nbsp;<\/p>\n<h3><strong>Benachrichtigung \u00fcber eine Verletzung<br \/>\n<\/strong><\/h3>\n<p><strong>1.<\/strong> Identifizieren Sie das spezifische gesch\u00fctzte Werk, das Ihrer Meinung nach verletzt wurde, oder &#8211; wenn mehr als ein Werk unter diese Mitteilung f\u00e4llt &#8211; k\u00f6nnen Sie eine repr\u00e4sentative Liste der Werke einreichen, die Ihrer Meinung nach verletzt wurden.<\/p>\n<p><strong>2.<\/strong> Identifizieren Sie Inhalte, die Sie als rechtsverletzend (oder Gegenstand rechtsverletzender Aktivit\u00e4ten) ansehen und die Ihrer Meinung nach entfernt werden sollten oder deren Zugang deaktiviert werden sollte, zusammen mit Informationen, die vern\u00fcnftigerweise ausreichen, um uns zu erm\u00f6glichen, diese Inhalte zu lokalisieren, einschlie\u00dflich, mindestens, falls zutreffend, der URL des Links auf der Website und der Plattform, von der aus die fraglichen Inhalte aufgerufen werden k\u00f6nnen.<\/p>\n<p><strong>3.<\/strong> Geben Sie Ihre Postanschrift, Telefonnummer und ggf. Ihre E-Mail-Adresse an.<\/p>\n<p><strong>4.<\/strong> F\u00fcgen Sie die beiden folgenden Erkl\u00e4rungen in den Textk\u00f6rper der Mitteilung ein:<\/p>\n<p>&#8222;Ich erkl\u00e4re hiermit, dass ich in gutem Glauben davon ausgehe, dass die strittige Nutzung des identifizierten Dokuments nicht durch den Inhaber des geistigen Eigentumsrechts, seinen Vertreter oder das Gesetz (z.B. die gesetzlichen und juristischen Ausnahmen des &#8222;fair use&#8220;) erlaubt ist.&#8220;<\/p>\n<p>&#8222;Ich erkl\u00e4re hiermit, dass die in dieser Mitteilung enthaltenen Informationen korrekt sind und dass ich der Inhaber der Rechte an geistigem Eigentum, deren Verletzung behauptet wird, bin oder dass ich berechtigt bin, im Namen des Inhabers zu handeln.<\/p>\n<p><strong>5.<\/strong> Geben Sie Ihren Vor- und Nachnamen an und unterschreiben Sie elektronisch oder physisch.<\/p>\n<p><strong>6.<\/strong> Senden Sie diese Mitteilung zusammen mit allen ausgef\u00fcllten Elementen an HOTEL MUNIER AU TILLEUL :<\/p>\n<p><strong>HOTEL MUNIER AU TILLEUL  <\/strong><br \/>\n393 LA PLACE 68910 LABAROCHE<\/p>\n<p>E-Mail: <a href=\"mailto:info@hotel-tilleul.fr\">info@hotel-tilleul.fr<\/a><\/p>\n<p>&nbsp;<\/p>\n<p>Zuletzt aktualisiert am: <strong>12. November 2021<\/strong>.<\/p>\n<p><strong>2022 HOTEL MUNIER AU TILLEUL.  <\/strong><strong>Alle Rechte vorbehalten.<\/strong><\/p>\n","protected":false},"excerpt":{"rendered":"<p>HOTEL MUNIER AU TILLEUL respektiert die geistigen Eigentumsrechte Dritter und erwartet von seinen Nutzern, dass sie dasselbe tun. Es ist die Politik von HOTEL MUNIER AU TILLEUL, unter angemessenen Umst\u00e4nden und nach eigenem Ermessen das Konto oder den Zugang von Nutzern zu deaktivieren und\/oder zu k\u00fcndigen, die wiederholt gegen das Urheberrecht oder andere Rechte an [&hellip;]<\/p>\n","protected":false},"author":1,"featured_media":0,"parent":0,"menu_order":0,"comment_status":"closed","ping_status":"closed","template":"","meta":{"_acf_changed":false,"footnotes":""},"class_list":["post-4532","page","type-page","status-publish","hentry"],"acf":[],"_links":{"self":[{"href":"https:\/\/hotel-tilleul.fr\/de\/wp-json\/wp\/v2\/pages\/4532","targetHints":{"allow":["GET"]}}],"collection":[{"href":"https:\/\/hotel-tilleul.fr\/de\/wp-json\/wp\/v2\/pages"}],"about":[{"href":"https:\/\/hotel-tilleul.fr\/de\/wp-json\/wp\/v2\/types\/page"}],"author":[{"embeddable":true,"href":"https:\/\/hotel-tilleul.fr\/de\/wp-json\/wp\/v2\/users\/1"}],"replies":[{"embeddable":true,"href":"https:\/\/hotel-tilleul.fr\/de\/wp-json\/wp\/v2\/comments?post=4532"}],"version-history":[{"count":0,"href":"https:\/\/hotel-tilleul.fr\/de\/wp-json\/wp\/v2\/pages\/4532\/revisions"}],"wp:attachment":[{"href":"https:\/\/hotel-tilleul.fr\/de\/wp-json\/wp\/v2\/media?parent=4532"}],"curies":[{"name":"wp","href":"https:\/\/api.w.org\/{rel}","templated":true}]}}