{"id":4536,"date":"2024-06-22T18:42:06","date_gmt":"2024-06-22T16:42:06","guid":{"rendered":"https:\/\/hotel-tilleul.fr\/datenschutzrichtlinie\/"},"modified":"2024-06-22T18:42:06","modified_gmt":"2024-06-22T16:42:06","slug":"datenschutzrichtlinie","status":"publish","type":"page","link":"https:\/\/hotel-tilleul.fr\/de\/datenschutzrichtlinie\/","title":{"rendered":"Datenschutzrichtlinie"},"content":{"rendered":"<p>Diese Datenschutzrichtlinie bezieht sich auf die Dienstleistungen, die von HOTEL MUNIER AU TILLEUL auf der Website &#8220; <strong>https:\/\/hotel-tilleul.fr\/&#8220;<\/strong>angeboten werden.<\/p>\n<h3><strong>HOTEL MUNIER AU TILLEUL<br \/>\n<\/strong><\/h3>\n<p>Gesellschaft mit beschr\u00e4nkter Haftung mit einem Kapital von 182.938,00 \u20ac.<br \/>\nRC COLMAR &#8211; FRANKREICH &#8211; SIREN 330914391<br \/>\nHauptsitz: 393 LA PLACE 68910 LABAROCHE<br \/>\nE-Mail: <a href=\"mailto:info@hotel-tilleul.fr\">info@hotel-tilleul.fr<\/a><\/p>\n<p>Diese Datenschutzrichtlinie enth\u00e4lt Einzelheiten dar\u00fcber, wie wir personenbezogene Daten in \u00dcbereinstimmung mit unseren Verpflichtungen gem\u00e4\u00df der Allgemeinen Datenschutzverordnung (Nr. 2016\/679) (&#8222;DSGVO&#8220;), dem Datenschutzgesetz 2018 und allen anderen auf uns anwendbaren Gesetzen in Bezug auf die Verarbeitung personenbezogener Daten (zusammen als &#8222;Datenschutzgesetze&#8220; bezeichnet) verarbeiten. In dieser Datenschutzrichtlinie haben die Begriffe &#8222;f\u00fcr die Verarbeitung Verantwortlicher&#8220;, &#8222;pers\u00f6nliche Daten&#8220; und &#8222;Prozess&#8220; (und ihre Ableitungen) die Bedeutung, die diesen Begriffen in den Datenschutzgesetzen gegeben wird.<\/p>\n<p>Pers\u00f6nliche Daten bezeichnen im Allgemeinen Informationen, die verwendet werden k\u00f6nnen, um eine Person individuell zu identifizieren, und die Verarbeitung umfasst im Allgemeinen Aktionen, die in Verbindung mit Daten durchgef\u00fchrt werden k\u00f6nnen, wie z.B. Sammlung, Verwendung, Speicherung und Offenlegung. HOTEL MUNIER AU TILLEUL ist die Kontrollstelle f\u00fcr Ihre pers\u00f6nlichen Daten, die im Rahmen unserer Dienstleistungen verarbeitet werden.<br \/>\nHOTEL MUNIER AU TILLEUL und die Begleiter, die auf <strong>https:\/\/hotel-tilleul.fr\/<\/strong> (&#8222;Digitaler Begleiter&#8220;) t\u00e4tig sind, sind gemeinsame Kontrolleure in Bezug auf alle pers\u00f6nlichen Daten.<\/p>\n<p>Der Zweck dieser Datenschutzrichtlinie ist es, die Datenverarbeitungsaktivit\u00e4ten von HOTEL MUNIER AU TILLEUL zu erl\u00e4utern, einschlie\u00dflich wie und warum wir pers\u00f6nliche Daten verarbeiten. Dar\u00fcber hinaus beschreibt diese Datenschutzrichtlinie unsere Pflichten und Verantwortlichkeiten in Bezug auf den Schutz dieser pers\u00f6nlichen Daten. Die Art und Weise, wie wir mit pers\u00f6nlichen Daten umgehen, wird sich im Laufe der Zeit \u00e4ndern, und wir werden diese Richtlinie von Zeit zu Zeit aktualisieren, um den sich \u00e4ndernden Praktiken Rechnung zu tragen.<\/p>\n<p><strong>Pers\u00f6nliche Daten, die wir sammeln<\/strong><\/p>\n<p>Wir erfassen personenbezogene Daten \u00fcber Sie, wenn Sie uns diese direkt \u00fcber https:\/\/hotel-tilleul.fr\/ zur Verf\u00fcgung stellen, wenn Dritte uns personenbezogene Daten \u00fcber Sie zur Verf\u00fcgung stellen oder wenn personenbezogene Daten \u00fcber Sie automatisch im Rahmen Ihrer Nutzung der Websitehttps:\/\/hotel-tilleul.fr\/ (die &#8222;Website&#8220;) erfasst werden.<br \/>\nHOTEL MUNIER AU TILLEUL gibt Ihre pers\u00f6nlichen Daten nicht an Dritte weiter, au\u00dfer wie in dieser Datenschutzrichtlinie beschrieben.<\/p>\n<p>Bei der Erbringung unserer Dienstleistungen k\u00f6nnen wir die folgenden Informationen sammeln und verarbeiten:<\/p>\n<p><strong>Pers\u00f6nliche Daten, die direkt von Ihnen gesammelt werden<\/strong><\/p>\n<p>Wir erhalten pers\u00f6nliche Daten direkt von Ihnen, wenn Sie uns diese bei der Nutzung der Website https:\/\/hotel-tilleul.fr\/, bei der Nutzung der Funktionen von https:\/\/hotel-tilleul.fr\/ oder bei der Einrichtung eines Kontos bei https:\/\/hotel-tilleul.fr\/ zur Verf\u00fcgung stellen, einschlie\u00dflich, aber nicht beschr\u00e4nkt auf:<br \/>\n&#8211; Name;<br \/>\n&#8211; Vorname;<br \/>\n&#8211; E-Mail-Adresse;<br \/>\n&#8211; Name der Einrichtung;<br \/>\n&#8211; Gewerbliches Aush\u00e4ngeschild;<br \/>\n&#8211; Gesch\u00e4ftsadresse;<br \/>\n&#8211; Telefonnummer;<br \/>\n&#8211; Benutzername;<br \/>\n&#8211; Informationen zur Teilnahme am Programm https:\/\/hotel-tilleul.fr\/<\/p>\n<p><strong>Pers\u00f6nliche Daten, die aus Drittquellen gesammelt werden<br \/>\nAutomatisch gesammelte pers\u00f6nliche Daten<\/strong><\/p>\n<p>Einige pers\u00f6nliche Daten werden automatisch gesammelt, wenn Sie eine Partner-Website oder die Plattform https:\/\/hotel-tilleul.fr\/ nutzen, wie z.B.:<br \/>\n&#8211; IP-Adresse;<br \/>\n&#8211; Ger\u00e4tekennungen;<br \/>\n&#8211; Informationen \u00fcber den Browser; und<br \/>\nCookie-Daten (wie in unserer Cookie-Richtlinie erl\u00e4utert).<\/p>\n<p><strong>Wie wir pers\u00f6nliche Daten verwenden<\/strong><\/p>\n<p>Wir verarbeiten personenbezogene Daten, um unsere Dienstleistungen zu betreiben, zu verbessern, zu verstehen und zu personalisieren, z.B. verwenden wir personenbezogene Daten f\u00fcr:<br \/>\n&#8211; die L\u00f6sungen, die \u00fcber die Plattform https:\/\/hotel-tilleul.fr\/ pr\u00e4sentiert werden, zu bereichern und zu erg\u00e4nzen;<br \/>\n&#8211; den Inhalt von https:\/\/hotel-tilleul.fr\/en an Ihre Vorlieben und Priorit\u00e4ten anpassen;<br \/>\n&#8211; mit Ihnen kommunizieren;<br \/>\n&#8211; Sie in den verschiedenen Phasen des Programms zu unterst\u00fctzen https:\/\/hotel-tilleul.fr\/<br \/>\n&#8211; Schutz vor oder Abschreckung von betr\u00fcgerischen, illegalen oder sch\u00e4dlichen Handlungen;<br \/>\n&#8211; auf Anfragen von Nutzern zu reagieren;<br \/>\n&#8211; Unterst\u00fctzung und Hilfe \u00fcber https:\/\/hotel-tilleul.fr\/ zu leisten;<br \/>\n&#8211; um unsere gesetzlichen oder vertraglichen Verpflichtungen zu erf\u00fcllen;<br \/>\n&#8211; unsere Bedingungen und Konditionen durchzusetzen; und<br \/>\n&#8211; Beilegung von Streitigkeiten, falls erforderlich.<\/p>\n<p><strong>Rechtsgrundlage der Verarbeitung<\/strong><\/p>\n<p><strong>Zweck der Verarbeitung &#8211; Rechtsgrundlage gem\u00e4\u00df DSGVO<br \/>\n<\/strong>Zu Verwaltungszwecken<br \/>\nEine solche Verarbeitung ist f\u00fcr die ordnungsgem\u00e4\u00dfe Durchf\u00fchrung einer Begleitung zwischen Ihnen und https:\/\/hotel-tilleul.fr\/ erforderlich.<\/p>\n<p><strong>Schulung, Qualit\u00e4tskontrolle oder Bewertung der von uns angebotenen Dienstleistungen<br \/>\n<\/strong>Eine solche Verarbeitung ist f\u00fcr unsere legitimen Interessen an der \u00dcberwachung und Verbesserung unserer Dienstleistungen und deren Nutzung notwendig, und um dies f\u00fcr die Nutzer der Website https:\/\/hotel-tilleul.fr\/ zu gew\u00e4hrleisten.<\/p>\n<p><strong>Website-Dienste, einschlie\u00dflich f\u00fcr Zwecke der Fehlerbehebung, Datenanalyse und Untersuchung.<br \/>\n<\/strong>Wir haben ein berechtigtes Interesse am Betrieb und an der Wartung der Website und an damit verbundenen Zwecken, einschlie\u00dflich der Verbesserung unserer Dienstleistungen.<br \/>\nStatistische Informationen, die nicht mit Einzelpersonen in Verbindung gebracht werden k\u00f6nnen, um uns zu helfen, die von uns angebotenen Dienstleistungen zu verbessern.<br \/>\nWir haben ein berechtigtes Interesse an der Durchf\u00fchrung bestimmter Analysen, um sicherzustellen, dass die Dienstleistungen, die wir den Restaurants anbieten, effektiv sind und ordnungsgem\u00e4\u00df funktionieren.<\/p>\n<p><strong>Unsere Rechte durchsetzen und verteidigen<\/strong><br \/>\nWir haben ein berechtigtes Interesse daran, sicherzustellen, dass unsere Dienste und die Website https:\/\/hotel-tilleul.fr\/ in \u00dcbereinstimmung mit unseren Nutzungsbedingungen und Richtlinien genutzt werden.<\/p>\n<p><strong>Wenn dies notwendig ist, um unseren gesetzlichen Verpflichtungen nachzukommen.<br \/>\n<\/strong>Wenn dies notwendig ist, um eine Klage, eine m\u00f6gliche Klage, ein Gerichtsverfahren oder ein m\u00f6gliches Gerichtsverfahren zu begr\u00fcnden, auszu\u00fcben oder zu verteidigen.<\/p>\n<p><strong>Individuelle Rechte der betroffenen Personen<\/strong><\/p>\n<p>Die Datenschutzgesetze sehen bestimmte Rechte f\u00fcr die betroffenen Personen vor (die &#8222;Rechte der betroffenen Personen&#8220;).<\/p>\n<p><strong>Die Rechte der betroffenen Person umfassen das Recht einer betroffenen Person auf:<br \/>\n<\/strong>&#8211; Erhalt von detaillierten Informationen \u00fcber die Verarbeitung (gem\u00e4\u00df den Transparenzverpflichtungen der f\u00fcr die Verarbeitung Verantwortlichen), die wir durch diese Datenschutzrichtlinie bereitgestellt haben;<br \/>\n&#8211; Zugang zu pers\u00f6nlichen Daten;<br \/>\n&#8211; die pers\u00f6nlichen Daten zu berichtigen oder zu l\u00f6schen (d.h. das Recht auf Vergessenwerden);<br \/>\n&#8211; die Behandlung einschr\u00e4nken;<br \/>\n&#8211; die \u00dcbertragbarkeit von Daten einschr\u00e4nken<br \/>\n&#8211; sich der Verarbeitung zu widersetzen; und<br \/>\n&#8211; der automatisierten Entscheidungsfindung (einschlie\u00dflich Profiling) zu widersprechen.<\/p>\n<p>Diese Rechte der betroffenen Personen k\u00f6nnen von Ihnen ausge\u00fcbt werden, vorbehaltlich der Einschr\u00e4nkungen, die in den Datenschutzgesetzen vorgesehen sind.<\/p>\n<p>Wenn Sie weitere Informationen dar\u00fcber ben\u00f6tigen, wie https:\/\/hotel-tilleul.fr\/ Ihre personenbezogenen Daten verarbeitet, oder wenn Sie eines Ihrer Rechte als betroffene Person in Bezug auf die Verarbeitung Ihrer personenbezogenen Daten durch https:\/\/hotel-tilleul.fr\/ aus\u00fcben m\u00f6chten, k\u00f6nnen Sie sich direkt an https:\/\/hotel-tilleul.fr\/ wenden unter: <a href=\"mailto:info@hotel-tilleul.fr\">info@hotel-tilleul.fr<\/a> oder \u00fcber die auf der Website angegebenen telefonischen Kontaktdaten.<\/p>\n<p>Im Hinblick auf die Verarbeitung Ihrer pers\u00f6nlichen Daten durch HOTEL MUNIER AU TILLEUL k\u00f6nnen Sie Ihre Datenschutzeinstellungen \u00fcber das Portal https:\/\/hotel-tilleul.fr\/ \u00e4ndern. Sie k\u00f6nnen sich auch mit uns in Verbindung setzen oder einen Antrag auf Aus\u00fcbung eines Rechts in Bezug auf Ihre Daten stellen, indem Sie info@hotel-tilleul.fr kontaktieren. Ihre Anfrage wird in \u00dcbereinstimmung mit den Datenschutzgesetzen behandelt.<\/p>\n<p><strong>Offenlegung Ihrer Informationen<\/strong><\/p>\n<p>Wir teilen keine pers\u00f6nlich identifizierbaren Daten mit Dritten und legen Ihre pers\u00f6nlichen Daten keiner anderen Partei gegen\u00fcber offen, au\u00dfer wie in dieser Richtlinie angegeben. HOTEL MUNIER AU TILLEUL kann in bestimmten Szenarien pers\u00f6nliche Daten offenlegen, z.B. wenn Sie gegen unsere Allgemeinen Gesch\u00e4ftsbedingungen oder andere Richtlinien versto\u00dfen. HOTEL MUNIER AU TILLEUL kann diese pers\u00f6nlichen Daten nach unserem alleinigen Ermessen offenlegen, wenn wir dies als notwendig oder angemessen im Rahmen einer Untersuchung von Betrug, Verletzung von geistigem Eigentum, Hacking oder anderen illegalen Aktivit\u00e4ten erachten. Dies kann die Offenlegung Ihres Namens, Ihrer Adresse, Telefonnummer oder E-Mail-Adresse erfordern.<\/p>\n<p>HOTEL MUNIER AU TILLEUL kann andere Unternehmen und Personen beauftragen, Aufgaben in unserem Namen auszuf\u00fchren und kann Ihre Informationen mit diesen teilen m\u00fcssen, um Ihnen unsere Dienstleistungen zu erbringen.<\/p>\n<p>In einigen F\u00e4llen kann HOTEL MUNIER AU TILLEUL seine Verm\u00f6genswerte kaufen oder verkaufen, was die \u00dcbertragung von Informationen \u00fcber den Nutzer beinhalten kann. HOTEL MUNIER AU TILLEUL wird diese Informationen \u00fcbertragen, wenn wir von einem anderen Unternehmen \u00fcbernommen werden oder mit diesem fusionieren. In diesem Fall werden wir Sie per E-Mail dar\u00fcber informieren.<\/p>\n<p>Ohne das Vorstehende einzuschr\u00e4nken, werden wir in dem Bem\u00fchen, Ihre Privatsph\u00e4re zu respektieren und die F\u00e4higkeit von HOTEL MUNIER AU TILLEUL, die Gemeinschaft vor b\u00f6sartigen Akteuren zu sch\u00fctzen, Ihre pers\u00f6nlichen Daten nicht anderweitig an Strafverfolgungsbeh\u00f6rden, andere Regierungsvertreter oder andere Dritte weitergeben, ohne dass dies von einem Gericht oder Gesetz angeordnet wird. Vollstreckungsersuchen, Gerichtsverfahren oder im Wesentlichen \u00e4hnliche rechtliche Verfahren, au\u00dfer wenn wir in gutem Glauben davon ausgehen, dass die Offenlegung von Informationen notwendig ist, um die Rechte von HOTEL MUNIER AU TILLEUL oder die Rechte Dritter zu sch\u00fctzen, physischen Schaden oder finanzielle Verluste zu verhindern oder um eine mutma\u00dfliche illegale Aktivit\u00e4t zu melden.<\/p>\n<p><strong>Individuelle Rechte der betroffenen Personen<\/strong><\/p>\n<p>Die Datenschutzgesetze sehen bestimmte Rechte f\u00fcr die betroffenen Personen vor (die &#8222;Rechte der betroffenen Personen&#8220;).<\/p>\n<p><strong>Die Rechte der betroffenen Person umfassen das Recht einer betroffenen Person auf:<\/strong><\/p>\n<p>detaillierte Informationen \u00fcber die Verarbeitung zu erhalten (gem\u00e4\u00df den Transparenzverpflichtungen der f\u00fcr die Verarbeitung Verantwortlichen), die wir durch diese Datenschutzrichtlinie zur Verf\u00fcgung gestellt haben;<br \/>\nZugang zu pers\u00f6nlichen Daten;<br \/>\ndie pers\u00f6nlichen Daten zu berichtigen oder zu l\u00f6schen (d.h. das Recht auf Vergessenwerden);<br \/>\ndie Behandlung einschr\u00e4nken;<br \/>\nDaten\u00fcbertragbarkeit<br \/>\nsich der Verarbeitung zu widersetzen; und<br \/>\nsich der automatisierten Entscheidungsfindung (einschlie\u00dflich Profiling) zu widersetzen.<\/p>\n<p>Diese Rechte der betroffenen Personen k\u00f6nnen von Ihnen ausge\u00fcbt werden, vorbehaltlich der Einschr\u00e4nkungen, die in den Datenschutzgesetzen vorgesehen sind.<\/p>\n<p>Wenn Sie weitere Informationen dar\u00fcber ben\u00f6tigen, wie https:\/\/hotel-tilleul.fr\/r Ihre pers\u00f6nlichen Daten verarbeitet, oder wenn Sie eines Ihrer Rechte als betroffene Person in Bezug auf die Verarbeitung Ihrer pers\u00f6nlichen Daten durch https:\/\/hotel-tilleul.fr\/ aus\u00fcben m\u00f6chten, k\u00f6nnen Sie sich direkt an https:\/\/hotel-tilleul.fr\/ wenden unter: <a href=\"mailto:info@hotel-tilleul.fr\">info@hotel-tilleul.fr<\/a>.<\/p>\n<p>Im Hinblick auf die Verarbeitung Ihrer pers\u00f6nlichen Daten durch HOTEL MUNIER AU TILLEUL k\u00f6nnen Sie Ihre Datenschutzeinstellungen \u00fcber https:\/\/hotel-tilleul.fr\/ \u00e4ndern. Sie k\u00f6nnen sich auch mit uns in Verbindung setzen oder einen Antrag auf Aus\u00fcbung eines Rechts in Bezug auf Ihre Daten stellen, indem Sie uns kontaktieren: <a href=\"mailto:info@hotel-tilleul.fr\">info@hotel-tilleul.fr}<\/a>. Ihre Anfrage wird in \u00dcbereinstimmung mit den Datenschutzgesetzen behandelt.<\/p>\n<p><strong>Pers\u00f6nliche Daten, die von https:\/\/hotel-tilleul.fr\/ erhalten wurden  <\/strong><\/p>\n<p>Im Rahmen des Prozesses des Begleitprogramms kann ein digitaler Begleiter von HOTEL MUNIER AU TILLEUL einen Benutzernamen, eine E-Mail-Adresse, eine Telefonnummer oder andere Informationen erhalten. Diese Informationen d\u00fcrfen nur f\u00fcr die Kommunikation im Zusammenhang mit https:\/\/hotel-tilleul.fr\/ oder f\u00fcr von HOTEL MUNIER AU TILLEUL erm\u00f6glichte Transaktionen verwendet werden.<\/p>\n<p>Wenn Nutzer dem Direktmarketing zustimmen, wird die Zustimmung des Nutzers direkt von https:\/\/hotel-tilleul.fr\/ erteilt. HOTEL MUNIER AU TILLEUL, der als Verarbeiter fungiert, kann https:\/\/hotel-tilleul.fr\/ bei der Verwaltung der Einwilligungspr\u00e4ferenzen der Nutzer unterst\u00fctzen. Die Nutzer k\u00f6nnen sich \u00fcber den Abmeldelink, der in allen Marketingmitteilungen enthalten ist, von Direktmarketing abmelden. HOTEL MUNIER AU TILLEUL fungiert auch als Prozessor, wenn er https:\/\/hotel-tilleul.fr\/ bei der Verwaltung von allgemeinen, nicht individualisierten und nicht pers\u00f6nlichen Datenanalysen unterst\u00fctzt.<\/p>\n<p><strong>Aufbewahrung von Daten<\/strong><\/p>\n<p>Wir werden pers\u00f6nliche Daten nur so lange aufbewahren, wie die Aufbewahrung dieser pers\u00f6nlichen Daten f\u00fcr die Zwecke, f\u00fcr die diese pers\u00f6nlichen Daten verarbeitet werden (wie in dieser Datenschutzrichtlinie beschrieben), als notwendig erachtet wird, es sei denn, wir sind verpflichtet, Ihre pers\u00f6nlichen Daten f\u00fcr einen l\u00e4ngeren Zeitraum aufzubewahren. (z.B. im Falle einer Strafverfolgung oder Untersuchung).<\/p>\n<p><strong>Links von Dritten<\/strong><\/p>\n<p>Von Zeit zu Zeit f\u00fcgen wir Links zu Dritten auf der Website https:\/\/hotel-tilleul.fr\/ ein. Wenn wir einen Link zur Verf\u00fcgung stellen, bedeutet dies nicht, dass wir die Kontrolle \u00fcber die verlinkte Website oder deren Datenschutzrichtlinien haben oder dass wir die Datenschutzrichtlinien dieser Website f\u00fcr Besucher billigen oder unterst\u00fctzen. Sie sollten die Datenschutzbestimmungen der verlinkten Website lesen, bevor Sie ihnen pers\u00f6nliche Daten senden.<\/p>\n<p><strong>Ank\u00fcndigungen und \u00c4nderungen im Zusammenhang mit dem Dienst<\/strong><\/p>\n<p>Alle k\u00fcnftigen \u00c4nderungen an dieser Datenschutzrichtlinie werden auf der Website und gegebenenfalls per E-Mail-Benachrichtigung ver\u00f6ffentlicht. HOTEL MUNIER AU TILLEUL kann Ihnen Anzeigen im Zusammenhang mit dem Service https:\/\/hotel-tilleul.fr\/ zusenden.<br \/>\nSie k\u00f6nnen die Kommunikation im Zusammenhang mit dem Dienst nicht ablehnen.<\/p>\n<p><strong>Kontaktieren Sie uns<\/strong><\/p>\n<p>F\u00fcr weitere Informationen \u00fcber diese Datenschutzrichtlinie oder die Verarbeitung Ihrer pers\u00f6nlichen Daten durch oder im Namen von HOTEL MUNIER AU TILLEUL kontaktieren Sie uns bitte unter: <a href=\"mailto:info@hotel-tilleul.fr\">info@hotel-tilleul.fr<\/a>.<\/p>\n<p>Obwohl Sie eine Beschwerde \u00fcber die Einhaltung der Datenschutzgesetze durch HOTEL MUNIER AU TILLEUL bei der Datenschutzkommission einreichen k\u00f6nnen, bitten wir Sie, uns zuerst zu kontaktieren, um uns die M\u00f6glichkeit zu geben, auf Ihre Bedenken einzugehen.<\/p>\n<p>Zuletzt aktualisiert am: <strong>12. November 2021<\/strong>.<\/p>\n<p><strong>2022 HOTEL MUNIER AU TILLEUL.  <\/strong><strong>Alle Rechte vorbehalten.<\/strong><\/p>\n","protected":false},"excerpt":{"rendered":"<p>Diese Datenschutzrichtlinie bezieht sich auf die Dienstleistungen, die von HOTEL MUNIER AU TILLEUL auf der Website &#8220; https:\/\/hotel-tilleul.fr\/&#8220;angeboten werden. HOTEL MUNIER AU TILLEUL Gesellschaft mit beschr\u00e4nkter Haftung mit einem Kapital von 182.938,00 \u20ac. RC COLMAR &#8211; FRANKREICH &#8211; SIREN 330914391 Hauptsitz: 393 LA PLACE 68910 LABAROCHE E-Mail: info@hotel-tilleul.fr Diese Datenschutzrichtlinie enth\u00e4lt Einzelheiten dar\u00fcber, wie wir [&hellip;]<\/p>\n","protected":false},"author":1,"featured_media":0,"parent":0,"menu_order":0,"comment_status":"closed","ping_status":"closed","template":"","meta":{"_acf_changed":false,"footnotes":""},"class_list":["post-4536","page","type-page","status-publish","hentry"],"acf":[],"_links":{"self":[{"href":"https:\/\/hotel-tilleul.fr\/de\/wp-json\/wp\/v2\/pages\/4536","targetHints":{"allow":["GET"]}}],"collection":[{"href":"https:\/\/hotel-tilleul.fr\/de\/wp-json\/wp\/v2\/pages"}],"about":[{"href":"https:\/\/hotel-tilleul.fr\/de\/wp-json\/wp\/v2\/types\/page"}],"author":[{"embeddable":true,"href":"https:\/\/hotel-tilleul.fr\/de\/wp-json\/wp\/v2\/users\/1"}],"replies":[{"embeddable":true,"href":"https:\/\/hotel-tilleul.fr\/de\/wp-json\/wp\/v2\/comments?post=4536"}],"version-history":[{"count":0,"href":"https:\/\/hotel-tilleul.fr\/de\/wp-json\/wp\/v2\/pages\/4536\/revisions"}],"wp:attachment":[{"href":"https:\/\/hotel-tilleul.fr\/de\/wp-json\/wp\/v2\/media?parent=4536"}],"curies":[{"name":"wp","href":"https:\/\/api.w.org\/{rel}","templated":true}]}}