{"id":3503,"date":"2022-04-02T22:59:35","date_gmt":"2022-04-02T20:59:35","guid":{"rendered":"https:\/\/hotel-tilleul.fr\/legal-notice\/"},"modified":"2022-07-29T15:21:43","modified_gmt":"2022-07-29T13:21:43","slug":"legal-notice","status":"publish","type":"page","link":"https:\/\/hotel-tilleul.fr\/en\/legal-notice\/","title":{"rendered":"Legal Notice"},"content":{"rendered":"<section class=\"elementor-section elementor-top-section elementor-element elementor-element-246967b elementor-section-boxed elementor-section-height-default elementor-section-height-default\" data-id=\"246967b\" data-element_type=\"section\" data-settings=\"\">\n<div class=\"elementor-container elementor-column-gap-default\">\n<div class=\"elementor-row\">\n<div class=\"elementor-column elementor-col-100 elementor-top-column elementor-element elementor-element-6f179d9\" data-id=\"6f179d9\" data-element_type=\"column\">\n<div class=\"elementor-column-wrap elementor-element-populated\">\n<div class=\"elementor-widget-wrap\">\n<div class=\"elementor-element elementor-element-de40592 elementor-widget elementor-widget-text-editor\" data-id=\"de40592\" data-element_type=\"widget\" data-widget_type=\"text-editor.default\">\n<div class=\"elementor-widget-container\">\n<div class=\"elementor-text-editor elementor-clearfix\">\n<section class=\"elementor-section elementor-top-section elementor-element elementor-element-246967b elementor-section-boxed elementor-section-height-default elementor-section-height-default\" data-id=\"246967b\" data-element_type=\"section\" data-settings=\"\">\n<div class=\"elementor-container elementor-column-gap-default\">\n<div class=\"elementor-row\">\n<div class=\"elementor-column elementor-col-100 elementor-top-column elementor-element elementor-element-6f179d9\" data-id=\"6f179d9\" data-element_type=\"column\">\n<div class=\"elementor-column-wrap elementor-element-populated\">\n<div class=\"elementor-widget-wrap\">\n<div class=\"elementor-element elementor-element-de40592 elementor-widget elementor-widget-text-editor\" data-id=\"de40592\" data-element_type=\"widget\" data-widget_type=\"text-editor.default\">\n<div class=\"elementor-widget-container\">\n<div class=\"elementor-text-editor elementor-clearfix\">\n<p>Owner and\/or publisher of the site: <strong>https:\/\/hotel-tilleul.fr\/<\/strong><\/p>\n<h3><strong>HOTEL MUNIER AU TILLEUL<br \/>\n<\/strong><\/h3>\n<p>Soci\u00e9t\u00e9 \u00e0 responsabilit\u00e9 limit\u00e9e with a capital of 182 938,00 \u20ac<br \/>\nRC COLMAR &#8211; FRANCE \u2013 SIREN 330914391<br \/>\nHead office : 393 LA PLACE 68910 LABAROCHE<br \/>\nEmail : <a href=\"mailto:info@hotel-tilleul.fr\">info@hotel-tilleul.fr<\/a><\/p>\n<p>Director of publication: Celine MUNIER &#8211;<br \/>\nWeb Editor: Celine MUNIER<\/p>\n<p><strong>Development of the site:<\/strong> <strong>AJI Groupe SAS<\/strong> <a href=\"https:\/\/aji-groupe.com\/\">https:\/\/aji-groupe.com\/<\/a><\/p>\n<p><strong>Web design:<\/strong> <strong>AJI Groupe SAS<\/strong> <a href=\"https:\/\/aji-groupe.com\/\">https:\/\/aji-groupe.com\/<\/a><\/p>\n<p><strong>Copyright of the photographs:<\/strong><br \/>\n<strong>Lucas MULLER &#8211; LUKAM <\/strong><a href=\"https:\/\/www.lukam.fr\/\">https:\/\/www.lukam.fr\/<\/a><br \/>\n<strong><\/strong> <a href=\"http:\/\/\"><\/a><br \/>\n<strong><\/strong> <a href=\"http:\/\/\"><\/a><br \/>\n<strong><\/strong> <a href=\"http:\/\/\"><\/a><\/p>\n<p><strong>Accommodation:<\/strong><br \/>\nThis site is hosted by OVH SAS<br \/>\n2 rue Kellermann &#8211; 59100 Roubaix &#8211; France <br \/>\nRCS:LILLE M\u00c9TROPOLE &#8211; FRANCE \u2013 SIREN:537 407 926 \u2013 VAT : FR 22 424 761 419<\/p>\n<p>&nbsp;<\/p>\n<p><strong>Personal data<\/strong><\/p>\n<p>Refer to the \u201cPrivacy Policy\u201d charter<\/p>\n<p>&nbsp;<\/p>\n<p><strong>Copyrights and Trademarks<\/strong><\/p>\n<p><strong>Copyright<\/strong><br \/>\nAll elements of the site https:\/\/hotel-tilleul.fr\/ , in particular the texts, presentations, illustrations, photographs, trees and layouts are, except public documents and additional details, the exclusive intellectual property of the company HOTEL MUNIER AU TILLEUL or its partners.<br \/>\nAs such, their representations, reproductions, nestings, distributions and reruns, partial or total, are prohibited in accordance with the provisions of the Intellectual Property Code. Any person proceeding without being able to justify prior and express authorization from the holder of these rights incurs the penalties relating to the offense of counterfeiting provided for in the Intellectual Property Code.<br \/>\nIn addition, the representations, reproductions, interweavings, diffusions and reruns, partial or total, of the database contained in the site https:\/\/hotel-tilleul.fr\/ are prohibited under the provisions of the Intellectual Property Code.<br \/>\nIn any case, on any authorized copy of all or part of the content of the site, the mention \u201cCopyright HOTEL MUNIER AU TILLEUL\u00a0 All rights reserved \u201c.<\/p>\n<p><strong>Brands<\/strong><br \/>\nThe brands and logos contained in the sitehttps:\/\/hotel-tilleul.fr\/ are filed by HOTEL MUNIER AU TILLEUL , or possibly by one of its partners. As such, any person carrying out their representations, reproductions, nestings, distributions and reruns incurs the penalties provided for in the Intellectual Property Code.<\/p>\n<p><strong>Counterfeit<\/strong><br \/>\nAny reproduction or representation, in whole or in part, for other purposes on any medium whatsoever is prohibited. Failure to comply with this prohibition constitutes an infringement which may engage the civil and criminal liability of the counterfeiter. The information contained in this service is non-contractual and subject to change without notice.<\/p>\n<p>Last Updated: <strong>November 12, 2021<\/strong> .<\/p>\n<p><strong>\u00a9 2022<\/strong>HOTEL MUNIER AU TILLEUL <strong>.<\/strong> <strong>All rights reserved.<\/strong><\/p>\n<\/div>\n<\/div>\n<\/div>\n<\/div>\n<\/div>\n<\/div>\n<\/div>\n<\/div>\n<\/section>\n<\/div>\n<\/div>\n<\/div>\n<\/div>\n<\/div>\n<\/div>\n<\/div>\n<\/div>\n<\/section>\n","protected":false},"excerpt":{"rendered":"<p>Owner and\/or publisher of the site: https:\/\/hotel-tilleul.fr\/ HOTEL MUNIER AU TILLEUL Soci\u00e9t\u00e9 \u00e0 responsabilit\u00e9 limit\u00e9e with a capital of 182 938,00 \u20ac RC COLMAR &#8211; FRANCE \u2013 SIREN 330914391 Head office : 393 LA PLACE 68910 LABAROCHE Email : info@hotel-tilleul.fr Director of publication: Celine MUNIER &#8211; Web Editor: Celine MUNIER Development of the site: AJI [&hellip;]<\/p>\n","protected":false},"author":1,"featured_media":0,"parent":0,"menu_order":0,"comment_status":"closed","ping_status":"closed","template":"","meta":{"_acf_changed":false,"footnotes":""},"class_list":["post-3503","page","type-page","status-publish","hentry"],"acf":[],"_links":{"self":[{"href":"https:\/\/hotel-tilleul.fr\/en\/wp-json\/wp\/v2\/pages\/3503","targetHints":{"allow":["GET"]}}],"collection":[{"href":"https:\/\/hotel-tilleul.fr\/en\/wp-json\/wp\/v2\/pages"}],"about":[{"href":"https:\/\/hotel-tilleul.fr\/en\/wp-json\/wp\/v2\/types\/page"}],"author":[{"embeddable":true,"href":"https:\/\/hotel-tilleul.fr\/en\/wp-json\/wp\/v2\/users\/1"}],"replies":[{"embeddable":true,"href":"https:\/\/hotel-tilleul.fr\/en\/wp-json\/wp\/v2\/comments?post=3503"}],"version-history":[{"count":2,"href":"https:\/\/hotel-tilleul.fr\/en\/wp-json\/wp\/v2\/pages\/3503\/revisions"}],"predecessor-version":[{"id":3823,"href":"https:\/\/hotel-tilleul.fr\/en\/wp-json\/wp\/v2\/pages\/3503\/revisions\/3823"}],"wp:attachment":[{"href":"https:\/\/hotel-tilleul.fr\/en\/wp-json\/wp\/v2\/media?parent=3503"}],"curies":[{"name":"wp","href":"https:\/\/api.w.org\/{rel}","templated":true}]}}